{"id":8704,"date":"2022-06-24T17:22:38","date_gmt":"2022-06-24T23:22:38","guid":{"rendered":"https:\/\/zionelpaso.org\/biblioteca-de-prestamo\/"},"modified":"2023-01-05T12:27:43","modified_gmt":"2023-01-05T19:27:43","slug":"biblioteca-de-prestamo","status":"publish","type":"page","link":"https:\/\/zionelpaso.org\/es\/biblioteca-de-prestamo\/","title":{"rendered":"La biblioteca de pr\u00e9stamo de Zion"},"content":{"rendered":"\n<p><strong>Llene su A\u00f1o Nuevo con lecturas cristianas inspiradas en la Biblia. Nuestra biblioteca de pr\u00e9stamo se encuentra en la planta baja del Fellowship Hall.<\/strong> <\/p>\n\n<p>\u00bfNecesita libros para leer a sus hijos y nietos? \u00bfTienen un apetito insaciable por las historias b\u00edblicas? \u00bfBusca novelas de tem\u00e1tica cristiana para disfrutar en su tiempo libre? \u00bfQuiere &#8220;profundizar&#8221; en el estudio de la Biblia o buscar respuestas b\u00edblicas a las preguntas dif\u00edciles de la vida? Explore nuestra biblioteca de pr\u00e9stamo, consulte algunos libros y crezca en su conocimiento y fe. <\/p>\n\n<h2 class=\"wp-block-heading\"><strong>Consulte nuestro cat\u00e1logo en l\u00ednea<\/strong><\/h2>\n\n<p>Busque y hojee nuestra colecci\u00f3n en l\u00ednea desde casa, encuentre el libro que desea, compruebe su disponibilidad y venga a verlo.<\/p>\n<div class=\"wp-block-image\">\n<figure class=\"aligncenter size-full is-resized\"><a href=\"https:\/\/www.librarycat.org\/lib\/Zionlutheranchurchep\" target=\"_blank\" rel=\"noreferrer noopener\"><img data-recalc-dims=\"1\" loading=\"lazy\" decoding=\"async\" src=\"https:\/\/i0.wp.com\/zionelpaso.org\/wp-content\/uploads\/2022\/06\/library-thmb.png?resize=434%2C315&#038;ssl=1\" alt=\"\" class=\"wp-image-8701\" width=\"434\" height=\"315\" srcset=\"https:\/\/i0.wp.com\/zionelpaso.org\/wp-content\/uploads\/2022\/06\/library-thmb.png?w=800&amp;ssl=1 800w, https:\/\/i0.wp.com\/zionelpaso.org\/wp-content\/uploads\/2022\/06\/library-thmb.png?resize=300%2C218&amp;ssl=1 300w, https:\/\/i0.wp.com\/zionelpaso.org\/wp-content\/uploads\/2022\/06\/library-thmb.png?resize=768%2C558&amp;ssl=1 768w\" sizes=\"auto, (max-width: 434px) 100vw, 434px\" \/><\/a><figcaption class=\"wp-element-caption\"><em>Haga clic en esta imagen para visitar <a rel=\"noreferrer noopener\" href=\"https:\/\/www.librarycat.org\/lib\/Zionlutheranchurchep\" target=\"_blank\">nuestro cat\u00e1logo de LibraryCat.org<\/a> \u00a1CONSEJO! si desea navegar y ver todos los libros enumerados actualmente, busque &#8220;ingl\u00e9s&#8221; y aparecer\u00e1n los m\u00e1s de 140 libros en ingl\u00e9s.<\/em><\/figcaption><\/figure>\n<\/div>\n<div class=\"wp-block-jetpack-tiled-gallery aligncenter is-style-rectangular\"><div class=\"tiled-gallery__gallery\"><div class=\"tiled-gallery__row\"><div class=\"tiled-gallery__col\" style=\"flex-basis:63.94773%\"><figure class=\"tiled-gallery__item\"><img decoding=\"async\" role=\"button\" tabindex=\"0\" aria-label=\"Abrir la imagen 1 de 5 en pantalla completa\"srcset=\"https:\/\/i0.wp.com\/zionelpaso.org\/wp-content\/uploads\/2022\/06\/library-01-700-q65.jpg?strip=info&#038;w=600&#038;ssl=1 600w,https:\/\/i0.wp.com\/zionelpaso.org\/wp-content\/uploads\/2022\/06\/library-01-700-q65.jpg?strip=info&#038;w=700&#038;ssl=1 700w\" alt=\"\" data-height=\"525\" data-id=\"8725\" data-link=\"https:\/\/zionelpaso.org\/library\/library-01-700-q65\/\" data-url=\"https:\/\/zionelpaso.org\/wp-content\/uploads\/2022\/06\/library-01-700-q65.jpg\" data-width=\"700\" src=\"https:\/\/i0.wp.com\/zionelpaso.org\/wp-content\/uploads\/2022\/06\/library-01-700-q65.jpg?ssl=1\" data-amp-layout=\"responsive\"><\/figure><\/div><div class=\"tiled-gallery__col\" style=\"flex-basis:36.05227%\"><figure class=\"tiled-gallery__item\"><img decoding=\"async\" role=\"button\" tabindex=\"0\" aria-label=\"Abrir la imagen 2 de 5 en pantalla completa\"srcset=\"https:\/\/i1.wp.com\/zionelpaso.org\/wp-content\/uploads\/2022\/06\/library-02-700-q65.jpg?strip=info&#038;w=600&#038;ssl=1 600w,https:\/\/i1.wp.com\/zionelpaso.org\/wp-content\/uploads\/2022\/06\/library-02-700-q65.jpg?strip=info&#038;w=700&#038;ssl=1 700w\" alt=\"\" data-height=\"933\" data-id=\"8727\" data-link=\"https:\/\/zionelpaso.org\/library\/library-02-700-q65\/\" data-url=\"https:\/\/zionelpaso.org\/wp-content\/uploads\/2022\/06\/library-02-700-q65.jpg\" data-width=\"700\" src=\"https:\/\/i1.wp.com\/zionelpaso.org\/wp-content\/uploads\/2022\/06\/library-02-700-q65.jpg?ssl=1\" data-amp-layout=\"responsive\"><\/figure><\/div><\/div><div class=\"tiled-gallery__row\"><div class=\"tiled-gallery__col\" style=\"flex-basis:28.34734%\"><figure class=\"tiled-gallery__item\"><img decoding=\"async\" role=\"button\" tabindex=\"0\" aria-label=\"Abrir la imagen 3 de 5 en pantalla completa\"srcset=\"https:\/\/i2.wp.com\/zionelpaso.org\/wp-content\/uploads\/2022\/06\/library-03-700-q65.jpg?strip=info&#038;w=600&#038;ssl=1 600w,https:\/\/i2.wp.com\/zionelpaso.org\/wp-content\/uploads\/2022\/06\/library-03-700-q65.jpg?strip=info&#038;w=700&#038;ssl=1 700w\" alt=\"\" data-height=\"786\" data-id=\"8729\" data-link=\"https:\/\/zionelpaso.org\/library\/library-03-700-q65\/\" data-url=\"https:\/\/zionelpaso.org\/wp-content\/uploads\/2022\/06\/library-03-700-q65.jpg\" data-width=\"700\" src=\"https:\/\/i2.wp.com\/zionelpaso.org\/wp-content\/uploads\/2022\/06\/library-03-700-q65.jpg?ssl=1\" data-amp-layout=\"responsive\"><\/figure><\/div><div class=\"tiled-gallery__col\" style=\"flex-basis:23.89765%\"><figure class=\"tiled-gallery__item\"><img decoding=\"async\" role=\"button\" tabindex=\"0\" aria-label=\"Abrir la imagen 4 de 5 en pantalla completa\"srcset=\"https:\/\/i2.wp.com\/zionelpaso.org\/wp-content\/uploads\/2022\/06\/library-04-700-q65.jpg?strip=info&#038;w=525&#038;ssl=1 525w\" alt=\"\" data-height=\"700\" data-id=\"8731\" data-link=\"https:\/\/zionelpaso.org\/library\/library-04-700-q65\/\" data-url=\"https:\/\/zionelpaso.org\/wp-content\/uploads\/2022\/06\/library-04-700-q65.jpg\" data-width=\"525\" src=\"https:\/\/i2.wp.com\/zionelpaso.org\/wp-content\/uploads\/2022\/06\/library-04-700-q65.jpg?ssl=1\" data-amp-layout=\"responsive\"><\/figure><\/div><div class=\"tiled-gallery__col\" style=\"flex-basis:47.75501%\"><figure class=\"tiled-gallery__item\"><img decoding=\"async\" role=\"button\" tabindex=\"0\" aria-label=\"Abrir la imagen 5 de 5 en pantalla completa\"srcset=\"https:\/\/i0.wp.com\/zionelpaso.org\/wp-content\/uploads\/2022\/06\/library-05-800-q65.jpg?strip=info&#038;w=600&#038;ssl=1 600w,https:\/\/i0.wp.com\/zionelpaso.org\/wp-content\/uploads\/2022\/06\/library-05-800-q65.jpg?strip=info&#038;w=800&#038;ssl=1 800w\" alt=\"\" data-height=\"532\" data-id=\"8733\" data-link=\"https:\/\/zionelpaso.org\/library\/library-05-800-q65\/\" data-url=\"https:\/\/zionelpaso.org\/wp-content\/uploads\/2022\/06\/library-05-800-q65.jpg\" data-width=\"800\" src=\"https:\/\/i0.wp.com\/zionelpaso.org\/wp-content\/uploads\/2022\/06\/library-05-800-q65.jpg?ssl=1\" data-amp-layout=\"responsive\"><\/figure><\/div><\/div><\/div><\/div>\n\n<div class=\"wp-block-group has-luminous-vivid-amber-background-color has-background\"><div class=\"wp-block-group__inner-container is-layout-flow wp-block-group-is-layout-flow\">\n<h2 class=\"has-black-color has-text-color wp-block-heading\"><strong>Ayude a mejorar y hacer crecer nuestra biblioteca<\/strong><\/h2>\n\n\n\n<p>Consulte nuestra lista de deseos y haga un pedido en nuestro <a rel=\"noreferrer noopener\" href=\"https:\/\/myc.ph\/3xVE27g\" target=\"_blank\">Registro de Regalos de CPH<\/a>.<\/p>\n\n\n\n<div class=\"wp-block-buttons is-layout-flex wp-block-buttons-is-layout-flex\">\n<div class=\"wp-block-button aligncenter\"><a class=\"wp-block-button__link wp-element-button\" href=\"https:\/\/myc.ph\/3xVE27g\" target=\"_blank\" rel=\"noreferrer noopener\">Ver el registro de regalos<\/a><\/div>\n<\/div>\n\n\n\n<div style=\"height:25px\" aria-hidden=\"true\" class=\"wp-block-spacer\"><\/div>\n\n\n<div class=\"wp-block-image is-style-default\">\n<figure class=\"aligncenter size-large is-resized\"><a href=\"https:\/\/myc.ph\/3xVE27g\" target=\"_blank\" rel=\"noreferrer noopener\"><img data-recalc-dims=\"1\" loading=\"lazy\" decoding=\"async\" src=\"https:\/\/i0.wp.com\/zionelpaso.org\/wp-content\/uploads\/2022\/07\/featured-image-library.png?resize=512%2C307&#038;ssl=1\" alt=\"\" class=\"wp-image-8819\" width=\"512\" height=\"307\" srcset=\"https:\/\/i0.wp.com\/zionelpaso.org\/wp-content\/uploads\/2022\/07\/featured-image-library.png?resize=1024%2C614&amp;ssl=1 1024w, https:\/\/i0.wp.com\/zionelpaso.org\/wp-content\/uploads\/2022\/07\/featured-image-library.png?resize=300%2C180&amp;ssl=1 300w, https:\/\/i0.wp.com\/zionelpaso.org\/wp-content\/uploads\/2022\/07\/featured-image-library.png?resize=768%2C461&amp;ssl=1 768w, https:\/\/i0.wp.com\/zionelpaso.org\/wp-content\/uploads\/2022\/07\/featured-image-library.png?resize=1536%2C922&amp;ssl=1 1536w, https:\/\/i0.wp.com\/zionelpaso.org\/wp-content\/uploads\/2022\/07\/featured-image-library.png?w=2000&amp;ssl=1 2000w\" sizes=\"auto, (max-width: 512px) 100vw, 512px\" \/><\/a><\/figure>\n<\/div><\/div><\/div>\n\n<p><\/p>\n","protected":false},"excerpt":{"rendered":"<p>Llene su A\u00f1o Nuevo con lecturas cristianas inspiradas en la Biblia. Nuestra biblioteca de pr\u00e9stamo se encuentra en la planta baja del Fellowship Hall. \u00bfNecesita libros para leer a sus hijos y nietos? \u00bfTienen un apetito insaciable por las historias b\u00edblicas? \u00bfBusca novelas de tem\u00e1tica cristiana para disfrutar en su tiempo libre? \u00bfQuiere &#8220;profundizar&#8221; en &hellip; <\/p>\n<p class=\"link-more\"><a href=\"https:\/\/zionelpaso.org\/es\/biblioteca-de-prestamo\/\" class=\"more-link\">Continuar leyendo<span class=\"screen-reader-text\"> &#8220;La biblioteca de pr\u00e9stamo de Zion&#8221;<\/span><\/a><\/p>\n","protected":false},"author":3,"featured_media":8700,"parent":0,"menu_order":0,"comment_status":"closed","ping_status":"closed","template":"","meta":{"nf_dc_page":"","_monsterinsights_skip_tracking":false,"_monsterinsights_sitenote_active":false,"_monsterinsights_sitenote_note":"","_monsterinsights_sitenote_category":0,"advanced_seo_description":"","jetpack_seo_html_title":"","jetpack_seo_noindex":false,"jetpack_post_was_ever_published":false,"footnotes":""},"class_list":["post-8704","page","type-page","status-publish","has-post-thumbnail","hentry"],"featured_image_src":"https:\/\/i0.wp.com\/zionelpaso.org\/wp-content\/uploads\/2022\/06\/lending-library-2000-q60.jpg?fit=2000%2C1200&ssl=1","jetpack_sharing_enabled":true,"jetpack_shortlink":"https:\/\/wp.me\/PbT9ae-2go","_links":{"self":[{"href":"https:\/\/zionelpaso.org\/es\/wp-json\/wp\/v2\/pages\/8704","targetHints":{"allow":["GET"]}}],"collection":[{"href":"https:\/\/zionelpaso.org\/es\/wp-json\/wp\/v2\/pages"}],"about":[{"href":"https:\/\/zionelpaso.org\/es\/wp-json\/wp\/v2\/types\/page"}],"author":[{"embeddable":true,"href":"https:\/\/zionelpaso.org\/es\/wp-json\/wp\/v2\/users\/3"}],"replies":[{"embeddable":true,"href":"https:\/\/zionelpaso.org\/es\/wp-json\/wp\/v2\/comments?post=8704"}],"version-history":[{"count":5,"href":"https:\/\/zionelpaso.org\/es\/wp-json\/wp\/v2\/pages\/8704\/revisions"}],"predecessor-version":[{"id":11107,"href":"https:\/\/zionelpaso.org\/es\/wp-json\/wp\/v2\/pages\/8704\/revisions\/11107"}],"wp:featuredmedia":[{"embeddable":true,"href":"https:\/\/zionelpaso.org\/es\/wp-json\/wp\/v2\/media\/8700"}],"wp:attachment":[{"href":"https:\/\/zionelpaso.org\/es\/wp-json\/wp\/v2\/media?parent=8704"}],"curies":[{"name":"wp","href":"https:\/\/api.w.org\/{rel}","templated":true}]}}