{"id":7568,"date":"2022-03-24T16:26:20","date_gmt":"2022-03-24T22:26:20","guid":{"rendered":"https:\/\/zionelpaso.org\/domingo-de-pascua-y-semana-santa\/"},"modified":"2026-02-05T13:37:43","modified_gmt":"2026-02-05T20:37:43","slug":"domingo-de-pascua-y-semana-santa","status":"publish","type":"page","link":"https:\/\/zionelpaso.org\/es\/domingo-de-pascua-y-semana-santa\/","title":{"rendered":"Domingo de Pascua y Semana Santa"},"content":{"rendered":"\n<p class=\"has-text-align-center\">\u00danase a nosotros para los servicios de adoraci\u00f3n durante la Semana Santa y Pascua<\/p>\n\n<div class=\"wp-block-media-text alignwide is-stacked-on-mobile is-vertically-aligned-top\" style=\"grid-template-columns:30% auto\"><figure class=\"wp-block-media-text__media\"><img data-recalc-dims=\"1\" loading=\"lazy\" decoding=\"async\" width=\"525\" height=\"656\" src=\"https:\/\/i0.wp.com\/zionelpaso.org\/wp-content\/uploads\/2022\/03\/easter-800-q60-4.jpg?resize=525%2C656&#038;ssl=1\" alt=\"\" class=\"wp-image-7707 size-full\" srcset=\"https:\/\/i0.wp.com\/zionelpaso.org\/wp-content\/uploads\/2022\/03\/easter-800-q60-4.jpg?w=640&amp;ssl=1 640w, https:\/\/i0.wp.com\/zionelpaso.org\/wp-content\/uploads\/2022\/03\/easter-800-q60-4.jpg?resize=240%2C300&amp;ssl=1 240w\" sizes=\"auto, (max-width: 525px) 100vw, 525px\" \/><\/figure><div class=\"wp-block-media-text__content\">\n<p class=\"has-text-align-center has-medium-font-size\">Domingo de Ramos\/Pasi\u00f3n &#8211; 29 de marzo<\/p>\n\n\n\n<p class=\"\">10:30h Servicio de Adoraci\u00f3n<\/p>\n<\/div><\/div>\n\n<hr class=\"aligncenter is-style-wide wp-block-separator has-text-color has-luminous-vivid-amber-color has-css-opacity has-luminous-vivid-amber-background-color has-background\"\/>\n\n<div class=\"wp-block-media-text alignwide is-stacked-on-mobile is-vertically-aligned-top\" style=\"grid-template-columns:30% auto\"><figure class=\"wp-block-media-text__media\"><img data-recalc-dims=\"1\" loading=\"lazy\" decoding=\"async\" width=\"525\" height=\"656\" src=\"https:\/\/i0.wp.com\/zionelpaso.org\/wp-content\/uploads\/2022\/03\/easter-800-q60-5.jpg?resize=525%2C656&#038;ssl=1\" alt=\"\" class=\"wp-image-7712 size-full\" srcset=\"https:\/\/i0.wp.com\/zionelpaso.org\/wp-content\/uploads\/2022\/03\/easter-800-q60-5.jpg?w=640&amp;ssl=1 640w, https:\/\/i0.wp.com\/zionelpaso.org\/wp-content\/uploads\/2022\/03\/easter-800-q60-5.jpg?resize=240%2C300&amp;ssl=1 240w\" sizes=\"auto, (max-width: 525px) 100vw, 525px\" \/><\/figure><div class=\"wp-block-media-text__content\">\n<p class=\"has-text-align-center has-medium-font-size\">Jueves Santo &#8211; 2 de abril<\/p>\n\n\n\n<p class=\"\">18:30 Culto de adoraci\u00f3n con la Santa Comuni\u00f3n<\/p>\n<\/div><\/div>\n\n<hr class=\"aligncenter is-style-wide wp-block-separator has-text-color has-luminous-vivid-amber-color has-css-opacity has-luminous-vivid-amber-background-color has-background\"\/>\n\n<div class=\"wp-block-media-text alignwide is-stacked-on-mobile is-vertically-aligned-top\" style=\"grid-template-columns:30% auto\"><figure class=\"wp-block-media-text__media\"><img data-recalc-dims=\"1\" loading=\"lazy\" decoding=\"async\" width=\"525\" height=\"656\" src=\"https:\/\/i0.wp.com\/zionelpaso.org\/wp-content\/uploads\/2022\/03\/easter-800-q60-3.jpg?resize=525%2C656&#038;ssl=1\" alt=\"\" class=\"wp-image-7709 size-full\" srcset=\"https:\/\/i0.wp.com\/zionelpaso.org\/wp-content\/uploads\/2022\/03\/easter-800-q60-3.jpg?w=640&amp;ssl=1 640w, https:\/\/i0.wp.com\/zionelpaso.org\/wp-content\/uploads\/2022\/03\/easter-800-q60-3.jpg?resize=240%2C300&amp;ssl=1 240w\" sizes=\"auto, (max-width: 525px) 100vw, 525px\" \/><\/figure><div class=\"wp-block-media-text__content\">\n<p class=\"has-text-align-center has-medium-font-size\">Viernes Santo &#8211; 3 de abril<\/p>\n\n\n\n<p class=\"\">18:30 Culto, Tenebrae y Siete \u00faltimas palabras<\/p>\n<\/div><\/div>\n\n<hr class=\"aligncenter is-style-wide wp-block-separator has-text-color has-luminous-vivid-amber-color has-css-opacity has-luminous-vivid-amber-background-color has-background\"\/>\n\n<hr class=\"aligncenter is-style-wide wp-block-separator has-text-color has-luminous-vivid-amber-color has-css-opacity has-luminous-vivid-amber-background-color has-background\"\/>\n\n<div class=\"wp-block-media-text alignwide is-stacked-on-mobile is-vertically-aligned-top\" style=\"grid-template-columns:30% auto\"><figure class=\"wp-block-media-text__media\"><img data-recalc-dims=\"1\" loading=\"lazy\" decoding=\"async\" width=\"525\" height=\"656\" src=\"https:\/\/i0.wp.com\/zionelpaso.org\/wp-content\/uploads\/2022\/03\/easter-800-q60-1.jpg?resize=525%2C656&#038;ssl=1\" alt=\"\" class=\"wp-image-7716 size-full\" srcset=\"https:\/\/i0.wp.com\/zionelpaso.org\/wp-content\/uploads\/2022\/03\/easter-800-q60-1.jpg?w=640&amp;ssl=1 640w, https:\/\/i0.wp.com\/zionelpaso.org\/wp-content\/uploads\/2022\/03\/easter-800-q60-1.jpg?resize=240%2C300&amp;ssl=1 240w\" sizes=\"auto, (max-width: 525px) 100vw, 525px\" \/><\/figure><div class=\"wp-block-media-text__content\">\n<p class=\"has-text-align-center has-medium-font-size\">D\u00eda de la Resurrecci\u00f3n (Pascua) &#8211; 5 de abril<\/p>\n\n\n\n<div class=\"wp-block-group\"><div class=\"wp-block-group__inner-container is-layout-flow wp-block-group-is-layout-flow\">\n<p class=\"\">7:30 Servicio de Adoraci\u00f3n al Aire Libre con la Sagrada Comuni\u00f3n<\/p>\n\n\n\n<p class=\"\">9:00 &#8211; 10:00 Desayuno de Pascua (Servido por el Grupo de J\u00f3venes de Si\u00f3n)<\/p>\n\n\n\n<p class=\"\">10:30 Servicio de Adoraci\u00f3n Interior con Santa Comuni\u00f3n<\/p>\n<\/div><\/div>\n<\/div><\/div>\n","protected":false},"excerpt":{"rendered":"<p>\u00danase a nosotros para los servicios de adoraci\u00f3n durante la Semana Santa y Pascua Domingo de Ramos\/Pasi\u00f3n &#8211; 29 de marzo 10:30h Servicio de Adoraci\u00f3n Jueves Santo &#8211; 2 de abril 18:30 Culto de adoraci\u00f3n con la Santa Comuni\u00f3n Viernes Santo &#8211; 3 de abril 18:30 Culto, Tenebrae y Siete \u00faltimas palabras<\/p>\n","protected":false},"author":2,"featured_media":7566,"parent":0,"menu_order":0,"comment_status":"closed","ping_status":"closed","template":"","meta":{"nf_dc_page":"","_monsterinsights_skip_tracking":false,"_monsterinsights_sitenote_active":false,"_monsterinsights_sitenote_note":"","_monsterinsights_sitenote_category":0,"advanced_seo_description":"","jetpack_seo_html_title":"","jetpack_seo_noindex":false,"jetpack_post_was_ever_published":false,"footnotes":""},"class_list":["post-7568","page","type-page","status-publish","has-post-thumbnail","hentry"],"featured_image_src":"https:\/\/i0.wp.com\/zionelpaso.org\/wp-content\/uploads\/2022\/03\/easter-2000-q60.jpg?fit=2000%2C1200&ssl=1","jetpack_sharing_enabled":true,"jetpack_shortlink":"https:\/\/wp.me\/PbT9ae-1Y4","_links":{"self":[{"href":"https:\/\/zionelpaso.org\/es\/wp-json\/wp\/v2\/pages\/7568","targetHints":{"allow":["GET"]}}],"collection":[{"href":"https:\/\/zionelpaso.org\/es\/wp-json\/wp\/v2\/pages"}],"about":[{"href":"https:\/\/zionelpaso.org\/es\/wp-json\/wp\/v2\/types\/page"}],"author":[{"embeddable":true,"href":"https:\/\/zionelpaso.org\/es\/wp-json\/wp\/v2\/users\/2"}],"replies":[{"embeddable":true,"href":"https:\/\/zionelpaso.org\/es\/wp-json\/wp\/v2\/comments?post=7568"}],"version-history":[{"count":5,"href":"https:\/\/zionelpaso.org\/es\/wp-json\/wp\/v2\/pages\/7568\/revisions"}],"predecessor-version":[{"id":24265,"href":"https:\/\/zionelpaso.org\/es\/wp-json\/wp\/v2\/pages\/7568\/revisions\/24265"}],"wp:featuredmedia":[{"embeddable":true,"href":"https:\/\/zionelpaso.org\/es\/wp-json\/wp\/v2\/media\/7566"}],"wp:attachment":[{"href":"https:\/\/zionelpaso.org\/es\/wp-json\/wp\/v2\/media?parent=7568"}],"curies":[{"name":"wp","href":"https:\/\/api.w.org\/{rel}","templated":true}]}}