{"id":7095,"date":"2022-03-04T13:00:38","date_gmt":"2022-03-04T20:00:38","guid":{"rendered":"https:\/\/zionelpaso.org\/oraciones\/"},"modified":"2023-12-06T16:20:28","modified_gmt":"2023-12-06T23:20:28","slug":"oraciones","status":"publish","type":"page","link":"https:\/\/zionelpaso.org\/es\/oraciones\/","title":{"rendered":"Oraciones"},"content":{"rendered":"\n<p class=\"\">&#8220;Devociones&#8221; es lo que llamamos pasar tiempo cada d\u00eda leyendo las Escrituras y pensando en la voluntad de Dios para tu vida. Aqu\u00ed hay algunas recomendaciones y enlaces a materiales devocionales que te ayudar\u00e1n en este gozo diario. <\/p>\n\n<h2 class=\"wp-block-heading has-text-align-center\">Portales de oraci\u00f3n<\/h2>\n<div class=\"wp-block-image\">\n<figure class=\"aligncenter size-full is-resized\"><img data-recalc-dims=\"1\" loading=\"lazy\" decoding=\"async\" width=\"525\" height=\"700\" src=\"https:\/\/i0.wp.com\/zionelpaso.org\/wp-content\/uploads\/2023\/12\/IMG_6941-scaled.jpg?resize=525%2C700&#038;ssl=1\" alt=\"\" class=\"wp-image-14341\" style=\"width:217px;height:306px\" srcset=\"https:\/\/i0.wp.com\/zionelpaso.org\/wp-content\/uploads\/2023\/12\/IMG_6941-scaled.jpg?w=1920&amp;ssl=1 1920w, https:\/\/i0.wp.com\/zionelpaso.org\/wp-content\/uploads\/2023\/12\/IMG_6941-scaled.jpg?resize=225%2C300&amp;ssl=1 225w, https:\/\/i0.wp.com\/zionelpaso.org\/wp-content\/uploads\/2023\/12\/IMG_6941-scaled.jpg?resize=768%2C1024&amp;ssl=1 768w, https:\/\/i0.wp.com\/zionelpaso.org\/wp-content\/uploads\/2023\/12\/IMG_6941-scaled.jpg?resize=1152%2C1536&amp;ssl=1 1152w, https:\/\/i0.wp.com\/zionelpaso.org\/wp-content\/uploads\/2023\/12\/IMG_6941-scaled.jpg?resize=1536%2C2048&amp;ssl=1 1536w, https:\/\/i0.wp.com\/zionelpaso.org\/wp-content\/uploads\/2023\/12\/IMG_6941-scaled.jpg?w=1050&amp;ssl=1 1050w\" sizes=\"auto, (max-width: 706px) 89vw, (max-width: 767px) 82vw, 740px\" \/><figcaption class=\"wp-element-caption\">Hemos comprado folletos de Portales de Oraci\u00f3n para miembros e invitados de Sion, que se pueden encontrar en la entrada de la iglesia.<\/figcaption><\/figure>\n<\/div>\n<h2 class=\"wp-block-heading has-text-align-center\">Devociones diarias de la hora luterana<\/h2>\n<div class=\"wp-block-image\">\n<figure class=\"aligncenter size-full\"><a href=\"https:\/\/www.lhm.org\/dailydevotions\/default.asp?date=20220304\" target=\"_blank\" rel=\"noopener\"><img data-recalc-dims=\"1\" loading=\"lazy\" decoding=\"async\" width=\"269\" height=\"173\" src=\"https:\/\/i0.wp.com\/zionelpaso.org\/wp-content\/uploads\/2022\/03\/Screenshot-2022-03-04-124433.png?resize=269%2C173&#038;ssl=1\" alt=\"\" class=\"wp-image-7090\"\/><\/a><figcaption class=\"wp-element-caption\">Devociones diarias durante todo el a\u00f1o<\/figcaption><\/figure>\n<\/div><div class=\"wp-block-image\">\n<figure class=\"aligncenter size-large is-resized\"><a href=\"https:\/\/www.lhm.org\/lent\/\" target=\"_blank\" rel=\"noopener\"><img data-recalc-dims=\"1\" loading=\"lazy\" decoding=\"async\" width=\"525\" height=\"276\" src=\"https:\/\/i0.wp.com\/zionelpaso.org\/wp-content\/uploads\/2022\/03\/274895659_10159679064017733_181263253530219532_n.jpg?resize=525%2C276&#038;ssl=1\" alt=\"\" class=\"wp-image-7092\" style=\"width:270px;height:142px\" srcset=\"https:\/\/i0.wp.com\/zionelpaso.org\/wp-content\/uploads\/2022\/03\/274895659_10159679064017733_181263253530219532_n.jpg?resize=1024%2C538&amp;ssl=1 1024w, https:\/\/i0.wp.com\/zionelpaso.org\/wp-content\/uploads\/2022\/03\/274895659_10159679064017733_181263253530219532_n.jpg?resize=300%2C158&amp;ssl=1 300w, https:\/\/i0.wp.com\/zionelpaso.org\/wp-content\/uploads\/2022\/03\/274895659_10159679064017733_181263253530219532_n.jpg?resize=768%2C403&amp;ssl=1 768w, https:\/\/i0.wp.com\/zionelpaso.org\/wp-content\/uploads\/2022\/03\/274895659_10159679064017733_181263253530219532_n.jpg?w=1200&amp;ssl=1 1200w\" sizes=\"auto, (max-width: 706px) 89vw, (max-width: 767px) 82vw, 740px\" \/><\/a><figcaption class=\"wp-element-caption\">Devociones de Cuaresma<\/figcaption><\/figure>\n<\/div>\n<h2 class=\"wp-block-heading has-text-align-center\">Devociones de semillas de mostaza de LWML<\/h2>\n<div class=\"wp-block-image\">\n<figure class=\"aligncenter size-full is-resized\"><a href=\"https:\/\/www.lwml.org\/mustard-seed-devotions\" target=\"_blank\" rel=\"noopener\"><img data-recalc-dims=\"1\" loading=\"lazy\" decoding=\"async\" width=\"400\" height=\"247\" src=\"https:\/\/i0.wp.com\/zionelpaso.org\/wp-content\/uploads\/2022\/03\/LWML_MustardSeed_web.jpg?resize=400%2C247&#038;ssl=1\" alt=\"\" class=\"wp-image-7088\" style=\"width:250px\" srcset=\"https:\/\/i0.wp.com\/zionelpaso.org\/wp-content\/uploads\/2022\/03\/LWML_MustardSeed_web.jpg?w=400&amp;ssl=1 400w, https:\/\/i0.wp.com\/zionelpaso.org\/wp-content\/uploads\/2022\/03\/LWML_MustardSeed_web.jpg?resize=300%2C185&amp;ssl=1 300w\" sizes=\"auto, (max-width: 400px) 100vw, 400px\" \/><\/a><\/figure>\n<\/div>\n<h2 class=\"wp-block-heading has-text-align-center\">Devociones de palabras y canciones<\/h2>\n<div class=\"wp-block-image\">\n<figure class=\"aligncenter size-medium\"><a href=\"https:\/\/www.youtube.com\/playlist?list=PLJDjxNqpZTRR-O3g-V2eV3hdCH2gGe67_\"><img data-recalc-dims=\"1\" loading=\"lazy\" decoding=\"async\" width=\"198\" height=\"300\" src=\"https:\/\/i0.wp.com\/zionelpaso.org\/wp-content\/uploads\/2023\/01\/word-and-song-devotions-thmb.png?resize=198%2C300&#038;ssl=1\" alt=\"\" class=\"wp-image-11354\" srcset=\"https:\/\/i0.wp.com\/zionelpaso.org\/wp-content\/uploads\/2023\/01\/word-and-song-devotions-thmb.png?resize=198%2C300&amp;ssl=1 198w, https:\/\/i0.wp.com\/zionelpaso.org\/wp-content\/uploads\/2023\/01\/word-and-song-devotions-thmb.png?resize=674%2C1024&amp;ssl=1 674w, https:\/\/i0.wp.com\/zionelpaso.org\/wp-content\/uploads\/2023\/01\/word-and-song-devotions-thmb.png?resize=768%2C1166&amp;ssl=1 768w, https:\/\/i0.wp.com\/zionelpaso.org\/wp-content\/uploads\/2023\/01\/word-and-song-devotions-thmb.png?w=843&amp;ssl=1 843w\" sizes=\"auto, (max-width: 198px) 100vw, 198px\" \/><\/a><figcaption class=\"wp-element-caption\"><a href=\"https:\/\/www.youtube.com\/playlist?list=PLJDjxNqpZTRR-O3g-V2eV3hdCH2gGe67_\" data-type=\"URL\" data-id=\"https:\/\/www.youtube.com\/playlist?list=PLJDjxNqpZTRR-O3g-V2eV3hdCH2gGe67_\">Oraciones<\/a><\/figcaption><\/figure>\n<\/div>\n<p class=\"\"> <\/p>\n","protected":false},"excerpt":{"rendered":"<p>&#8220;Devociones&#8221; es lo que llamamos pasar tiempo cada d\u00eda leyendo las Escrituras y pensando en la voluntad de Dios para tu vida. Aqu\u00ed hay algunas recomendaciones y enlaces a materiales devocionales que te ayudar\u00e1n en este gozo diario. Portales de oraci\u00f3n Devociones diarias de la hora luterana Devociones de semillas de mostaza de LWML Devociones &hellip; <\/p>\n<p class=\"link-more\"><a href=\"https:\/\/zionelpaso.org\/es\/oraciones\/\" class=\"more-link\">Continuar leyendo<span class=\"screen-reader-text\"> &#8220;Oraciones&#8221;<\/span><\/a><\/p>\n","protected":false},"author":4,"featured_media":7121,"parent":0,"menu_order":0,"comment_status":"closed","ping_status":"closed","template":"","meta":{"nf_dc_page":"","_monsterinsights_skip_tracking":false,"_monsterinsights_sitenote_active":false,"_monsterinsights_sitenote_note":"","_monsterinsights_sitenote_category":0,"advanced_seo_description":"","jetpack_seo_html_title":"","jetpack_seo_noindex":false,"jetpack_post_was_ever_published":false,"footnotes":""},"class_list":["post-7095","page","type-page","status-publish","has-post-thumbnail","hentry"],"featured_image_src":"https:\/\/i0.wp.com\/zionelpaso.org\/wp-content\/uploads\/2022\/03\/devotions-featured-image.jpg?fit=2000%2C1200&ssl=1","jetpack_sharing_enabled":true,"jetpack_shortlink":"https:\/\/wp.me\/PbT9ae-1Qr","_links":{"self":[{"href":"https:\/\/zionelpaso.org\/es\/wp-json\/wp\/v2\/pages\/7095","targetHints":{"allow":["GET"]}}],"collection":[{"href":"https:\/\/zionelpaso.org\/es\/wp-json\/wp\/v2\/pages"}],"about":[{"href":"https:\/\/zionelpaso.org\/es\/wp-json\/wp\/v2\/types\/page"}],"author":[{"embeddable":true,"href":"https:\/\/zionelpaso.org\/es\/wp-json\/wp\/v2\/users\/4"}],"replies":[{"embeddable":true,"href":"https:\/\/zionelpaso.org\/es\/wp-json\/wp\/v2\/comments?post=7095"}],"version-history":[{"count":5,"href":"https:\/\/zionelpaso.org\/es\/wp-json\/wp\/v2\/pages\/7095\/revisions"}],"predecessor-version":[{"id":14344,"href":"https:\/\/zionelpaso.org\/es\/wp-json\/wp\/v2\/pages\/7095\/revisions\/14344"}],"wp:featuredmedia":[{"embeddable":true,"href":"https:\/\/zionelpaso.org\/es\/wp-json\/wp\/v2\/media\/7121"}],"wp:attachment":[{"href":"https:\/\/zionelpaso.org\/es\/wp-json\/wp\/v2\/media?parent=7095"}],"curies":[{"name":"wp","href":"https:\/\/api.w.org\/{rel}","templated":true}]}}