{"id":4244,"date":"2021-06-26T15:42:21","date_gmt":"2021-06-26T21:42:21","guid":{"rendered":"https:\/\/zionelpaso.org\/blog-la-vida-es-mejor-juntos\/"},"modified":"2021-10-15T16:21:28","modified_gmt":"2021-10-15T22:21:28","slug":"blog-la-vida-es-mejor-juntos","status":"publish","type":"page","link":"https:\/\/zionelpaso.org\/es\/blog-la-vida-es-mejor-juntos\/","title":{"rendered":"Blog &#8220;La vida es mejor juntos&#8221;"},"content":{"rendered":"\n<h2 class=\"wp-block-heading\">Momentos recientes de nuestra vida juntos<\/h2>\n\n<p>(seleccione una imagen para ampliarla y ver el t\u00edtulo)<\/p>\n\n<p><\/p>\n\n<p>Ver m\u00e1s sobre Zion&#8217;s<a rel=\"noreferrer noopener\" href=\"https:\/\/www.instagram.com\/zionelpaso\/\" target=\"_blank\"> Instagram<\/a> y<a rel=\"noreferrer noopener\" href=\"https:\/\/www.facebook.com\/zionlutheranelpaso\" target=\"_blank\"> Facebook<\/a> Paginas<\/p>\n\n<h2 class=\"wp-block-heading\">Blog del pastor<\/h2>\n<ul class=\"wp-block-latest-posts__list wp-block-latest-posts\"><li><div class=\"wp-block-latest-posts__featured-image aligncenter\"><a href=\"https:\/\/zionelpaso.org\/es\/blog-del-pastor-juntos-mas\/\" aria-label=\"Blog del Pastor &#8220;Juntos M\u00e1s&#8221;\"><img loading=\"lazy\" decoding=\"async\" width=\"525\" height=\"315\" src=\"https:\/\/i0.wp.com\/zionelpaso.org\/wp-content\/uploads\/2023\/11\/pastor-blog-fi-2000x1200-q65.jpg?fit=525%2C315&amp;ssl=1\" class=\"attachment-large size-large wp-post-image\" alt=\"\" style=\"\" srcset=\"https:\/\/i0.wp.com\/zionelpaso.org\/wp-content\/uploads\/2023\/11\/pastor-blog-fi-2000x1200-q65.jpg?w=2000&amp;ssl=1 2000w, https:\/\/i0.wp.com\/zionelpaso.org\/wp-content\/uploads\/2023\/11\/pastor-blog-fi-2000x1200-q65.jpg?resize=300%2C180&amp;ssl=1 300w, https:\/\/i0.wp.com\/zionelpaso.org\/wp-content\/uploads\/2023\/11\/pastor-blog-fi-2000x1200-q65.jpg?resize=1024%2C614&amp;ssl=1 1024w, https:\/\/i0.wp.com\/zionelpaso.org\/wp-content\/uploads\/2023\/11\/pastor-blog-fi-2000x1200-q65.jpg?resize=768%2C461&amp;ssl=1 768w, https:\/\/i0.wp.com\/zionelpaso.org\/wp-content\/uploads\/2023\/11\/pastor-blog-fi-2000x1200-q65.jpg?resize=1536%2C922&amp;ssl=1 1536w\" sizes=\"auto, 100vw\" data-attachment-id=\"13956\" data-permalink=\"https:\/\/zionelpaso.org\/es\/preocupate-por-dios-con-accion-de-gracias-entonces\/pastor-blog-fi-2000x1200-q65-2\/\" data-orig-file=\"https:\/\/i0.wp.com\/zionelpaso.org\/wp-content\/uploads\/2023\/11\/pastor-blog-fi-2000x1200-q65.jpg?fit=2000%2C1200&amp;ssl=1\" data-orig-size=\"2000,1200\" data-comments-opened=\"1\" data-image-meta=\"{&quot;aperture&quot;:&quot;0&quot;,&quot;credit&quot;:&quot;&quot;,&quot;camera&quot;:&quot;&quot;,&quot;caption&quot;:&quot;&quot;,&quot;created_timestamp&quot;:&quot;0&quot;,&quot;copyright&quot;:&quot;&quot;,&quot;focal_length&quot;:&quot;0&quot;,&quot;iso&quot;:&quot;0&quot;,&quot;shutter_speed&quot;:&quot;0&quot;,&quot;title&quot;:&quot;&quot;,&quot;orientation&quot;:&quot;0&quot;}\" data-image-title=\"pastor-blog-fi-2000&amp;#215;1200-q65\" data-image-description=\"\" data-image-caption=\"\" data-large-file=\"https:\/\/i0.wp.com\/zionelpaso.org\/wp-content\/uploads\/2023\/11\/pastor-blog-fi-2000x1200-q65.jpg?fit=525%2C315&amp;ssl=1\" \/><\/a><\/div><a class=\"wp-block-latest-posts__post-title\" href=\"https:\/\/zionelpaso.org\/es\/blog-del-pastor-juntos-mas\/\">Blog del Pastor &#8220;Juntos M\u00e1s&#8221;<\/a><div class=\"wp-block-latest-posts__post-excerpt\">Juntos M\u00e1s &#8220;Mirad qu\u00e9 bueno y qu\u00e9 agradable es que los hermanos vivan unidos&#8221;. (Salmo 133:1) Gracias por vuestros consejos, aportaciones, \u00e1nimos y expresiones de amor hacia m\u00ed y mi familia mientras rezamos en &hellip; <p class=\"link-more\"><a href=\"https:\/\/zionelpaso.org\/es\/blog-del-pastor-juntos-mas\/\" class=\"more-link\">Continuar leyendo<span class=\"screen-reader-text\"> &#8220;Blog del Pastor &#8220;Juntos M\u00e1s&#8221;&#8221;<\/span><\/a><\/p><\/div><\/li>\n<\/ul>","protected":false},"excerpt":{"rendered":"<p>Momentos recientes de nuestra vida juntos (seleccione una imagen para ampliarla y ver el t\u00edtulo) Ver m\u00e1s sobre Zion&#8217;s Instagram y Facebook Paginas Blog del pastor<\/p>\n","protected":false},"author":3,"featured_media":3985,"parent":0,"menu_order":0,"comment_status":"closed","ping_status":"closed","template":"","meta":{"nf_dc_page":"","_monsterinsights_skip_tracking":false,"_monsterinsights_sitenote_active":false,"_monsterinsights_sitenote_note":"","_monsterinsights_sitenote_category":0,"advanced_seo_description":"","jetpack_seo_html_title":"","jetpack_seo_noindex":false,"jetpack_post_was_ever_published":false,"footnotes":""},"class_list":["post-4244","page","type-page","status-publish","has-post-thumbnail","hentry"],"featured_image_src":"https:\/\/i0.wp.com\/zionelpaso.org\/wp-content\/uploads\/2021\/06\/Life-together-header.png?fit=2000%2C1119&ssl=1","jetpack_sharing_enabled":true,"jetpack_shortlink":"https:\/\/wp.me\/PbT9ae-16s","_links":{"self":[{"href":"https:\/\/zionelpaso.org\/es\/wp-json\/wp\/v2\/pages\/4244","targetHints":{"allow":["GET"]}}],"collection":[{"href":"https:\/\/zionelpaso.org\/es\/wp-json\/wp\/v2\/pages"}],"about":[{"href":"https:\/\/zionelpaso.org\/es\/wp-json\/wp\/v2\/types\/page"}],"author":[{"embeddable":true,"href":"https:\/\/zionelpaso.org\/es\/wp-json\/wp\/v2\/users\/3"}],"replies":[{"embeddable":true,"href":"https:\/\/zionelpaso.org\/es\/wp-json\/wp\/v2\/comments?post=4244"}],"version-history":[{"count":4,"href":"https:\/\/zionelpaso.org\/es\/wp-json\/wp\/v2\/pages\/4244\/revisions"}],"predecessor-version":[{"id":4901,"href":"https:\/\/zionelpaso.org\/es\/wp-json\/wp\/v2\/pages\/4244\/revisions\/4901"}],"wp:featuredmedia":[{"embeddable":true,"href":"https:\/\/zionelpaso.org\/es\/wp-json\/wp\/v2\/media\/3985"}],"wp:attachment":[{"href":"https:\/\/zionelpaso.org\/es\/wp-json\/wp\/v2\/media?parent=4244"}],"curies":[{"name":"wp","href":"https:\/\/api.w.org\/{rel}","templated":true}]}}