{"id":4175,"date":"2020-04-11T17:48:17","date_gmt":"2020-04-11T23:48:17","guid":{"rendered":"https:\/\/zionelpaso.org\/ofrendas\/"},"modified":"2021-10-14T23:34:03","modified_gmt":"2021-10-15T05:34:03","slug":"ofrendas","status":"publish","type":"page","link":"https:\/\/zionelpaso.org\/es\/ofrendas\/","title":{"rendered":"Ofrendas"},"content":{"rendered":"\n<p>En este momento, las ofrendas se pueden entregar por correo o en l\u00ednea:<\/p>\n\n<h2 class=\"wp-block-heading\">Donaciones seguras en l\u00ednea<\/h2>\n\n<div class=\"wp-block-buttons is-layout-flex wp-block-buttons-is-layout-flex\">\n<div class=\"wp-block-button\"><a class=\"wp-block-button__link has-text-color has-very-dark-gray-color has-background has-luminous-vivid-amber-background-color\" href=\"https:\/\/www.eservicepayments.com\/cgi-bin\/Vanco_ver3.vps?appver3=Fi1giPL8kwX_Oe1AO50jRhQu3CsSJnUUUwmLz0x24JjHO3iVYxvvxhHjRfLOeq662EvVVAEjqawDomKT1pboudP2NF1v1MdCLAh-gZ4RWv8=\" target=\"_blank\" rel=\"noreferrer noopener\">Dar en l\u00ednea<\/a><\/div>\n<\/div>\n\n<p>Procesado de forma segura en l\u00ednea por Vanco Payment Solutions <\/p>\n\n<h2 class=\"wp-block-heading\">Dar usando la aplicaci\u00f3n Give Plus<\/h2>\n\n<figure class=\"wp-block-image size-large\"><img data-recalc-dims=\"1\" loading=\"lazy\" decoding=\"async\" width=\"300\" height=\"114\" data-attachment-id=\"3275\" data-permalink=\"https:\/\/zionelpaso.org\/es\/give-plus-2\/\" data-orig-file=\"https:\/\/i0.wp.com\/zionelpaso.org\/wp-content\/uploads\/2020\/05\/Give-Plus.png?fit=300%2C114&amp;ssl=1\" data-orig-size=\"300,114\" data-comments-opened=\"1\" data-image-meta=\"{&quot;aperture&quot;:&quot;0&quot;,&quot;credit&quot;:&quot;&quot;,&quot;camera&quot;:&quot;&quot;,&quot;caption&quot;:&quot;&quot;,&quot;created_timestamp&quot;:&quot;0&quot;,&quot;copyright&quot;:&quot;&quot;,&quot;focal_length&quot;:&quot;0&quot;,&quot;iso&quot;:&quot;0&quot;,&quot;shutter_speed&quot;:&quot;0&quot;,&quot;title&quot;:&quot;&quot;,&quot;orientation&quot;:&quot;0&quot;}\" data-image-title=\"Give-Plus\" data-image-description=\"\" data-image-caption=\"\" data-large-file=\"https:\/\/i0.wp.com\/zionelpaso.org\/wp-content\/uploads\/2020\/05\/Give-Plus.png?fit=300%2C114&amp;ssl=1\" src=\"https:\/\/i0.wp.com\/zionelpaso.org\/wp-content\/uploads\/2020\/05\/Give-Plus.png?resize=300%2C114&#038;ssl=1\" alt=\"\" class=\"wp-image-3275\"\/><figcaption><strong>Donaciones a trav\u00e9s de una aplicaci\u00f3n:<\/strong> Si prefiere usar su tel\u00e9fono o tableta, puede descargar la aplicaci\u00f3n Give Plus desde App Store o Google Play, dependiendo de su tipo de tel\u00e9fono. Give Plus es la aplicaci\u00f3n m\u00f3vil de Vanco. Puede configurar f\u00e1cilmente una cuenta y una donaci\u00f3n a trav\u00e9s de la aplicaci\u00f3n. <\/figcaption><\/figure>\n\n<h2 class=\"wp-block-heading\">Entregar por correo:<\/h2>\n\n<p>Los cheques pueden enviarse a: <\/p>\n\n<p>Zion Lutheran Church, 2800 Pershing Dr., El Paso, TX 79903<\/p>\n","protected":false},"excerpt":{"rendered":"<p>En este momento, las ofrendas se pueden entregar por correo o en l\u00ednea: Donaciones seguras en l\u00ednea Procesado de forma segura en l\u00ednea por Vanco Payment Solutions Dar usando la aplicaci\u00f3n Give Plus Entregar por correo: Los cheques pueden enviarse a: Zion Lutheran Church, 2800 Pershing Dr., El Paso, TX 79903<\/p>\n","protected":false},"author":3,"featured_media":0,"parent":0,"menu_order":0,"comment_status":"closed","ping_status":"closed","template":"","meta":{"nf_dc_page":"","_monsterinsights_skip_tracking":false,"_monsterinsights_sitenote_active":false,"_monsterinsights_sitenote_note":"","_monsterinsights_sitenote_category":0,"advanced_seo_description":"","jetpack_seo_html_title":"","jetpack_seo_noindex":false,"jetpack_post_was_ever_published":false,"footnotes":""},"class_list":["post-4175","page","type-page","status-publish","hentry"],"featured_image_src":null,"jetpack_sharing_enabled":true,"jetpack_shortlink":"https:\/\/wp.me\/PbT9ae-15l","_links":{"self":[{"href":"https:\/\/zionelpaso.org\/es\/wp-json\/wp\/v2\/pages\/4175","targetHints":{"allow":["GET"]}}],"collection":[{"href":"https:\/\/zionelpaso.org\/es\/wp-json\/wp\/v2\/pages"}],"about":[{"href":"https:\/\/zionelpaso.org\/es\/wp-json\/wp\/v2\/types\/page"}],"author":[{"embeddable":true,"href":"https:\/\/zionelpaso.org\/es\/wp-json\/wp\/v2\/users\/3"}],"replies":[{"embeddable":true,"href":"https:\/\/zionelpaso.org\/es\/wp-json\/wp\/v2\/comments?post=4175"}],"version-history":[{"count":5,"href":"https:\/\/zionelpaso.org\/es\/wp-json\/wp\/v2\/pages\/4175\/revisions"}],"predecessor-version":[{"id":4877,"href":"https:\/\/zionelpaso.org\/es\/wp-json\/wp\/v2\/pages\/4175\/revisions\/4877"}],"wp:attachment":[{"href":"https:\/\/zionelpaso.org\/es\/wp-json\/wp\/v2\/media?parent=4175"}],"curies":[{"name":"wp","href":"https:\/\/api.w.org\/{rel}","templated":true}]}}