{"id":4156,"date":"2024-11-20T14:03:47","date_gmt":"2024-11-20T21:03:47","guid":{"rendered":"https:\/\/zionelpaso.org\/bienvenido-a-sion\/"},"modified":"2024-03-19T17:20:19","modified_gmt":"2024-03-19T23:20:19","slug":"bienvenido-a-sion","status":"publish","type":"page","link":"https:\/\/zionelpaso.org\/es\/","title":{"rendered":"\u00a1Bienvenido a Sion!"},"content":{"rendered":"\n<h2 class=\"wp-block-heading\" id=\"regocijate-en-el-senor-cree-en-cristo-adora-a-dios-estudia-la-biblia-bautizate-celebra-la-santa-comunion-ama-a-tu-projimo-en-el-nombre-de-jesus\">\u00a1Regoc\u00edjate en el Se\u00f1or! Cree en Cristo, adora a Dios, estudia la Biblia, baut\u00edzate, celebra la santa comuni\u00f3n, ama a tu pr\u00f3jimo en el nombre de Jes\u00fas.<\/h2>\n\n\n\n<figure class=\"wp-block-image size-full\"><img data-recalc-dims=\"1\" loading=\"lazy\" decoding=\"async\" width=\"525\" height=\"339\" data-attachment-id=\"6454\" data-permalink=\"https:\/\/zionelpaso.org\/es\/bienvenido-a-sion\/39018509-6ea5-4bdb-a272-3548ca5ab477\/\" data-orig-file=\"https:\/\/i0.wp.com\/zionelpaso.org\/wp-content\/uploads\/2022\/01\/39018509-6EA5-4BDB-A272-3548CA5AB477.jpeg?fit=800%2C517&amp;ssl=1\" data-orig-size=\"800,517\" data-comments-opened=\"1\" data-image-meta=\"{&quot;aperture&quot;:&quot;0&quot;,&quot;credit&quot;:&quot;&quot;,&quot;camera&quot;:&quot;&quot;,&quot;caption&quot;:&quot;&quot;,&quot;created_timestamp&quot;:&quot;0&quot;,&quot;copyright&quot;:&quot;&quot;,&quot;focal_length&quot;:&quot;0&quot;,&quot;iso&quot;:&quot;0&quot;,&quot;shutter_speed&quot;:&quot;0&quot;,&quot;title&quot;:&quot;&quot;,&quot;orientation&quot;:&quot;1&quot;}\" data-image-title=\"39018509-6EA5-4BDB-A272-3548CA5AB477\" data-image-description=\"\" data-image-caption=\"\" data-large-file=\"https:\/\/i0.wp.com\/zionelpaso.org\/wp-content\/uploads\/2022\/01\/39018509-6EA5-4BDB-A272-3548CA5AB477.jpeg?fit=525%2C339&amp;ssl=1\" src=\"https:\/\/i0.wp.com\/zionelpaso.org\/wp-content\/uploads\/2022\/01\/39018509-6EA5-4BDB-A272-3548CA5AB477.jpeg?resize=525%2C339&#038;ssl=1\" alt=\"\" class=\"wp-image-6454\" srcset=\"https:\/\/i0.wp.com\/zionelpaso.org\/wp-content\/uploads\/2022\/01\/39018509-6EA5-4BDB-A272-3548CA5AB477.jpeg?w=800&amp;ssl=1 800w, https:\/\/i0.wp.com\/zionelpaso.org\/wp-content\/uploads\/2022\/01\/39018509-6EA5-4BDB-A272-3548CA5AB477.jpeg?resize=300%2C194&amp;ssl=1 300w, https:\/\/i0.wp.com\/zionelpaso.org\/wp-content\/uploads\/2022\/01\/39018509-6EA5-4BDB-A272-3548CA5AB477.jpeg?resize=768%2C496&amp;ssl=1 768w\" sizes=\"auto, (max-width: 706px) 89vw, (max-width: 767px) 82vw, 740px\" \/><\/figure>\n\n\n<section class=\"wp-block-ub-post-grid ub-block-post-grid align  is-equal-height preserve-post-image-aspect-ratio\" style=\"\" id=\"ub-post-grid-009dfc7f-8149-40e1-8904-ff4d16f5a520\"><div class=\"ub-post-grid-items is-grid columns-3\" style=\"row-gap: 32px; column-gap: 32px; \"><article id=\"post-15910\" class=\"ub-post-grid-item post-15910 post type-post status-publish format-standard has-post-thumbnail hentry category-publicacion-destacada\" style=\"\"><div class=\"ub-block-post-grid-image\" style=\"\"><a href=\"https:\/\/zionelpaso.org\/es\/picnic-anual-de-la-iglesia-el-6-de-octubre-en-el-memorial-park\/\" rel=\"bookmark\" aria-hidden=\"true\" tabindex=\"-1\"><img loading=\"lazy\" decoding=\"async\" width=\"2000\" height=\"1200\" src=\"https:\/\/i0.wp.com\/zionelpaso.org\/wp-content\/uploads\/2024\/10\/Announcements-copy-1.png?fit=2000%2C1200&amp;ssl=1\" class=\"attachment-full size-full\" alt=\"\" style=\"max-width: 600px; \" srcset=\"https:\/\/i0.wp.com\/zionelpaso.org\/wp-content\/uploads\/2024\/10\/Announcements-copy-1.png?w=2000&amp;ssl=1 2000w, https:\/\/i0.wp.com\/zionelpaso.org\/wp-content\/uploads\/2024\/10\/Announcements-copy-1.png?resize=300%2C180&amp;ssl=1 300w, https:\/\/i0.wp.com\/zionelpaso.org\/wp-content\/uploads\/2024\/10\/Announcements-copy-1.png?resize=1024%2C614&amp;ssl=1 1024w, https:\/\/i0.wp.com\/zionelpaso.org\/wp-content\/uploads\/2024\/10\/Announcements-copy-1.png?resize=768%2C461&amp;ssl=1 768w, https:\/\/i0.wp.com\/zionelpaso.org\/wp-content\/uploads\/2024\/10\/Announcements-copy-1.png?resize=1536%2C922&amp;ssl=1 1536w\" sizes=\"auto, 100vw\" data-attachment-id=\"15907\" data-permalink=\"https:\/\/zionelpaso.org\/es\/picnic-anual-de-la-iglesia-el-6-de-octubre-en-el-memorial-park\/announcements-copy-1-2\/\" data-orig-file=\"https:\/\/i0.wp.com\/zionelpaso.org\/wp-content\/uploads\/2024\/10\/Announcements-copy-1.png?fit=2000%2C1200&amp;ssl=1\" data-orig-size=\"2000,1200\" data-comments-opened=\"1\" data-image-meta='{\"aperture\":\"0\",\"credit\":\"\",\"camera\":\"\",\"caption\":\"\",\"created_timestamp\":\"0\",\"copyright\":\"\",\"focal_length\":\"0\",\"iso\":\"0\",\"shutter_speed\":\"0\",\"title\":\"\",\"orientation\":\"0\"}' data-image-title=\"Announcements copy (1)\" data-image-description=\"\" data-image-caption=\"\" data-large-file=\"https:\/\/i0.wp.com\/zionelpaso.org\/wp-content\/uploads\/2024\/10\/Announcements-copy-1.png?fit=525%2C315&amp;ssl=1\"><\/a><\/div><div class=\"ub-block-post-grid-text\" style=\"\"><div class=\"ub-block-post-grid-header-content\"><header class=\"ub-block-post-grid-header\"><h2 class=\"ub-block-post-grid-title\"><a style=\"\" href=\"https:\/\/zionelpaso.org\/es\/picnic-anual-de-la-iglesia-el-6-de-octubre-en-el-memorial-park\/\" rel=\"bookmark\">Picnic anual de la Iglesia el 6 de octubre en el Memorial Park<\/a><\/h2><\/header><\/div><div class=\"ub-block-post-grid-excerpt\"><div class=\"ub-block-post-grid-excerpt-text\" style=\"\"><p>\u00danete a nosotros despu\u00e9s del culto para un picnic. Se proporcionar\u00e1 carne; sin embargo, puedes traer cualquier tipo de plato si quieres. Habr\u00e1 juegos para adultos y\u2026<\/p>\n<\/div><p><a class=\"ub-block-post-grid-more-link ub-text-link\" style=\"\" href=\"https:\/\/zionelpaso.org\/es\/picnic-anual-de-la-iglesia-el-6-de-octubre-en-el-memorial-park\/\" rel=\"bookmark\">leer m\u00e1s <span class=\"screen-reader-text\">Picnic anual de la Iglesia el 6 de octubre en el Memorial Park<\/span><\/a><\/p><\/div><\/div><\/article>\n<article id=\"post-12442\" class=\"ub-post-grid-item post-12442 post type-post status-publish format-standard has-post-thumbnail hentry category-proyectos-de-servicio category-publicacion-destacada\" style=\"\"><div class=\"ub-block-post-grid-image\" style=\"\"><a href=\"https:\/\/zionelpaso.org\/es\/mochilas-y-utiles-escolares-para-la-mision-luterana-de-ysleta\/\" rel=\"bookmark\" aria-hidden=\"true\" tabindex=\"-1\"><img loading=\"lazy\" decoding=\"async\" width=\"2000\" height=\"1200\" src=\"https:\/\/i0.wp.com\/zionelpaso.org\/wp-content\/uploads\/2022\/06\/school-supplies-2000-q60.jpg?fit=2000%2C1200&amp;ssl=1\" class=\"attachment-full size-full\" alt=\"\" style=\"max-width: 600px; \" srcset=\"https:\/\/i0.wp.com\/zionelpaso.org\/wp-content\/uploads\/2022\/06\/school-supplies-2000-q60.jpg?w=2000&amp;ssl=1 2000w, https:\/\/i0.wp.com\/zionelpaso.org\/wp-content\/uploads\/2022\/06\/school-supplies-2000-q60.jpg?resize=300%2C180&amp;ssl=1 300w, https:\/\/i0.wp.com\/zionelpaso.org\/wp-content\/uploads\/2022\/06\/school-supplies-2000-q60.jpg?resize=1024%2C614&amp;ssl=1 1024w, https:\/\/i0.wp.com\/zionelpaso.org\/wp-content\/uploads\/2022\/06\/school-supplies-2000-q60.jpg?resize=768%2C461&amp;ssl=1 768w, https:\/\/i0.wp.com\/zionelpaso.org\/wp-content\/uploads\/2022\/06\/school-supplies-2000-q60.jpg?resize=1536%2C922&amp;ssl=1 1536w\" sizes=\"auto, 100vw\" data-attachment-id=\"8396\" data-permalink=\"https:\/\/zionelpaso.org\/es\/recogida-de-mochilas-y-utiles-escolares-mayo-junio-julio-2022\/school-supplies-2000-q60-2\/\" data-orig-file=\"https:\/\/i0.wp.com\/zionelpaso.org\/wp-content\/uploads\/2022\/06\/school-supplies-2000-q60.jpg?fit=2000%2C1200&amp;ssl=1\" data-orig-size=\"2000,1200\" data-comments-opened=\"1\" data-image-meta='{\"aperture\":\"0\",\"credit\":\"\",\"camera\":\"\",\"caption\":\"\",\"created_timestamp\":\"0\",\"copyright\":\"\",\"focal_length\":\"0\",\"iso\":\"0\",\"shutter_speed\":\"0\",\"title\":\"\",\"orientation\":\"0\"}' data-image-title=\"\u00fatiles escolares 2000 q60\" data-image-description=\"\" data-image-caption=\"\" data-large-file=\"https:\/\/i0.wp.com\/zionelpaso.org\/wp-content\/uploads\/2022\/06\/school-supplies-2000-q60.jpg?fit=525%2C315&amp;ssl=1\"><\/a><\/div><div class=\"ub-block-post-grid-text\" style=\"\"><div class=\"ub-block-post-grid-header-content\"><header class=\"ub-block-post-grid-header\"><h2 class=\"ub-block-post-grid-title\"><a style=\"\" href=\"https:\/\/zionelpaso.org\/es\/mochilas-y-utiles-escolares-para-la-mision-luterana-de-ysleta\/\" rel=\"bookmark\">Mochilas y \u00fatiles escolares para la Misi\u00f3n Luterana de Ysleta<\/a><\/h2><\/header><\/div><div class=\"ub-block-post-grid-excerpt\"><div class=\"ub-block-post-grid-excerpt-text\" style=\"\"><p>La Misi\u00f3n Luterana de Ysleta en su \u201cDistribuci\u00f3n de Regreso a la Escuela\u201d a familias necesitadas, ha comenzado y continuar\u00e1 durante el mes de junio, y en\u2026<\/p>\n<\/div><p><a class=\"ub-block-post-grid-more-link ub-text-link\" style=\"\" href=\"https:\/\/zionelpaso.org\/es\/mochilas-y-utiles-escolares-para-la-mision-luterana-de-ysleta\/\" rel=\"bookmark\">leer m\u00e1s <span class=\"screen-reader-text\">Mochilas y \u00fatiles escolares para la Misi\u00f3n Luterana de Ysleta<\/span><\/a><\/p><\/div><\/div><\/article>\n<article id=\"post-15554\" class=\"ub-post-grid-item post-15554 post type-post status-publish format-standard has-post-thumbnail hentry category-eventos category-musica category-publicacion-destacada\" style=\"\"><div class=\"ub-block-post-grid-image\" style=\"\"><a href=\"https:\/\/zionelpaso.org\/es\/concierto-de-mariachis-y-helados\/\" rel=\"bookmark\" aria-hidden=\"true\" tabindex=\"-1\"><img loading=\"lazy\" decoding=\"async\" width=\"2000\" height=\"1200\" src=\"https:\/\/i0.wp.com\/zionelpaso.org\/wp-content\/uploads\/2024\/05\/Announcements-copy-2-8.png?fit=2000%2C1200&amp;ssl=1\" class=\"attachment-full size-full\" alt=\"\" style=\"max-width: 600px; \" srcset=\"https:\/\/i0.wp.com\/zionelpaso.org\/wp-content\/uploads\/2024\/05\/Announcements-copy-2-8.png?w=2000&amp;ssl=1 2000w, https:\/\/i0.wp.com\/zionelpaso.org\/wp-content\/uploads\/2024\/05\/Announcements-copy-2-8.png?resize=300%2C180&amp;ssl=1 300w, https:\/\/i0.wp.com\/zionelpaso.org\/wp-content\/uploads\/2024\/05\/Announcements-copy-2-8.png?resize=1024%2C614&amp;ssl=1 1024w, https:\/\/i0.wp.com\/zionelpaso.org\/wp-content\/uploads\/2024\/05\/Announcements-copy-2-8.png?resize=768%2C461&amp;ssl=1 768w, https:\/\/i0.wp.com\/zionelpaso.org\/wp-content\/uploads\/2024\/05\/Announcements-copy-2-8.png?resize=1536%2C922&amp;ssl=1 1536w\" sizes=\"auto, 100vw\" data-attachment-id=\"15550\" data-permalink=\"https:\/\/zionelpaso.org\/es\/concierto-de-mariachis-y-helados\/announcements-copy-2-8-2\/\" data-orig-file=\"https:\/\/i0.wp.com\/zionelpaso.org\/wp-content\/uploads\/2024\/05\/Announcements-copy-2-8.png?fit=2000%2C1200&amp;ssl=1\" data-orig-size=\"2000,1200\" data-comments-opened=\"1\" data-image-meta='{\"aperture\":\"0\",\"credit\":\"\",\"camera\":\"\",\"caption\":\"\",\"created_timestamp\":\"0\",\"copyright\":\"\",\"focal_length\":\"0\",\"iso\":\"0\",\"shutter_speed\":\"0\",\"title\":\"\",\"orientation\":\"0\"}' data-image-title=\"Announcements copy-2 (8)\" data-image-description=\"\" data-image-caption=\"\" data-large-file=\"https:\/\/i0.wp.com\/zionelpaso.org\/wp-content\/uploads\/2024\/05\/Announcements-copy-2-8.png?fit=525%2C315&amp;ssl=1\"><\/a><\/div><div class=\"ub-block-post-grid-text\" style=\"\"><div class=\"ub-block-post-grid-header-content\"><header class=\"ub-block-post-grid-header\"><h2 class=\"ub-block-post-grid-title\"><a style=\"\" href=\"https:\/\/zionelpaso.org\/es\/concierto-de-mariachis-y-helados\/\" rel=\"bookmark\">Concierto de Mariachis y Helados<\/a><\/h2><\/header><\/div><div class=\"ub-block-post-grid-excerpt\"><div class=\"ub-block-post-grid-excerpt-text\" style=\"\"><p>El 4 de junio a las 7 de la tarde, \u00fanete a nosotros en Si\u00f3n para disfrutar de la m\u00fasica en directo del Mariachi San Pablo, y\u2026<\/p>\n<\/div><p><a class=\"ub-block-post-grid-more-link ub-text-link\" style=\"\" href=\"https:\/\/zionelpaso.org\/es\/concierto-de-mariachis-y-helados\/\" rel=\"bookmark\">leer m\u00e1s <span class=\"screen-reader-text\">Concierto de Mariachis y Helados<\/span><\/a><\/p><\/div><\/div><\/article>\n<article id=\"post-15494\" class=\"ub-post-grid-item post-15494 post type-post status-publish format-standard has-post-thumbnail hentry category-blog-es category-publicacion-destacada\" style=\"\"><div class=\"ub-block-post-grid-image\" style=\"\"><a href=\"https:\/\/zionelpaso.org\/es\/blog-del-pastor-juntos-mas\/\" rel=\"bookmark\" aria-hidden=\"true\" tabindex=\"-1\"><img loading=\"lazy\" decoding=\"async\" width=\"2000\" height=\"1200\" src=\"https:\/\/i0.wp.com\/zionelpaso.org\/wp-content\/uploads\/2023\/11\/pastor-blog-fi-2000x1200-q65.jpg?fit=2000%2C1200&amp;ssl=1\" class=\"attachment-full size-full\" alt=\"\" style=\"max-width: 600px; \" srcset=\"https:\/\/i0.wp.com\/zionelpaso.org\/wp-content\/uploads\/2023\/11\/pastor-blog-fi-2000x1200-q65.jpg?w=2000&amp;ssl=1 2000w, https:\/\/i0.wp.com\/zionelpaso.org\/wp-content\/uploads\/2023\/11\/pastor-blog-fi-2000x1200-q65.jpg?resize=300%2C180&amp;ssl=1 300w, https:\/\/i0.wp.com\/zionelpaso.org\/wp-content\/uploads\/2023\/11\/pastor-blog-fi-2000x1200-q65.jpg?resize=1024%2C614&amp;ssl=1 1024w, https:\/\/i0.wp.com\/zionelpaso.org\/wp-content\/uploads\/2023\/11\/pastor-blog-fi-2000x1200-q65.jpg?resize=768%2C461&amp;ssl=1 768w, https:\/\/i0.wp.com\/zionelpaso.org\/wp-content\/uploads\/2023\/11\/pastor-blog-fi-2000x1200-q65.jpg?resize=1536%2C922&amp;ssl=1 1536w\" sizes=\"auto, 100vw\" data-attachment-id=\"13956\" data-permalink=\"https:\/\/zionelpaso.org\/es\/preocupate-por-dios-con-accion-de-gracias-entonces\/pastor-blog-fi-2000x1200-q65-2\/\" data-orig-file=\"https:\/\/i0.wp.com\/zionelpaso.org\/wp-content\/uploads\/2023\/11\/pastor-blog-fi-2000x1200-q65.jpg?fit=2000%2C1200&amp;ssl=1\" data-orig-size=\"2000,1200\" data-comments-opened=\"1\" data-image-meta='{\"aperture\":\"0\",\"credit\":\"\",\"camera\":\"\",\"caption\":\"\",\"created_timestamp\":\"0\",\"copyright\":\"\",\"focal_length\":\"0\",\"iso\":\"0\",\"shutter_speed\":\"0\",\"title\":\"\",\"orientation\":\"0\"}' data-image-title=\"pastor-blog-fi-2000&amp;#215;1200-q65\" data-image-description=\"\" data-image-caption=\"\" data-large-file=\"https:\/\/i0.wp.com\/zionelpaso.org\/wp-content\/uploads\/2023\/11\/pastor-blog-fi-2000x1200-q65.jpg?fit=525%2C315&amp;ssl=1\"><\/a><\/div><div class=\"ub-block-post-grid-text\" style=\"\"><div class=\"ub-block-post-grid-header-content\"><header class=\"ub-block-post-grid-header\"><h2 class=\"ub-block-post-grid-title\"><a style=\"\" href=\"https:\/\/zionelpaso.org\/es\/blog-del-pastor-juntos-mas\/\" rel=\"bookmark\">Blog del Pastor \u201cJuntos M\u00e1s\u201d<\/a><\/h2><\/header><\/div><div class=\"ub-block-post-grid-excerpt\"><div class=\"ub-block-post-grid-excerpt-text\" style=\"\"><p>Juntos M\u00e1s \u201cMirad qu\u00e9 bueno y qu\u00e9 agradable es que los hermanos vivan unidos\u201d. (Salmo 133:1) Gracias por vuestros consejos, aportaciones, \u00e1nimos y expresiones de amor hacia\u2026<\/p>\n<\/div><p><a class=\"ub-block-post-grid-more-link ub-text-link\" style=\"\" href=\"https:\/\/zionelpaso.org\/es\/blog-del-pastor-juntos-mas\/\" rel=\"bookmark\">leer m\u00e1s <span class=\"screen-reader-text\">Blog del Pastor \u201cJuntos M\u00e1s\u201d<\/span><\/a><\/p><\/div><\/div><\/article>\n<article id=\"post-15359\" class=\"ub-post-grid-item post-15359 post type-post status-publish format-standard has-post-thumbnail hentry category-publicacion-destacada\" style=\"\"><div class=\"ub-block-post-grid-image\" style=\"\"><a href=\"https:\/\/zionelpaso.org\/es\/celebracion-de-las-madres\/\" rel=\"bookmark\" aria-hidden=\"true\" tabindex=\"-1\"><img loading=\"lazy\" decoding=\"async\" width=\"2000\" height=\"1200\" src=\"https:\/\/i0.wp.com\/zionelpaso.org\/wp-content\/uploads\/2024\/04\/Untitled-2-17.png?fit=2000%2C1200&amp;ssl=1\" class=\"attachment-full size-full\" alt=\"\" style=\"max-width: 600px; \" srcset=\"https:\/\/i0.wp.com\/zionelpaso.org\/wp-content\/uploads\/2024\/04\/Untitled-2-17.png?w=2000&amp;ssl=1 2000w, https:\/\/i0.wp.com\/zionelpaso.org\/wp-content\/uploads\/2024\/04\/Untitled-2-17.png?resize=300%2C180&amp;ssl=1 300w, https:\/\/i0.wp.com\/zionelpaso.org\/wp-content\/uploads\/2024\/04\/Untitled-2-17.png?resize=1024%2C614&amp;ssl=1 1024w, https:\/\/i0.wp.com\/zionelpaso.org\/wp-content\/uploads\/2024\/04\/Untitled-2-17.png?resize=768%2C461&amp;ssl=1 768w, https:\/\/i0.wp.com\/zionelpaso.org\/wp-content\/uploads\/2024\/04\/Untitled-2-17.png?resize=1536%2C922&amp;ssl=1 1536w\" sizes=\"auto, 100vw\" data-attachment-id=\"15357\" data-permalink=\"https:\/\/zionelpaso.org\/es\/celebracion-de-las-madres\/untitled-2-17-2\/\" data-orig-file=\"https:\/\/i0.wp.com\/zionelpaso.org\/wp-content\/uploads\/2024\/04\/Untitled-2-17.png?fit=2000%2C1200&amp;ssl=1\" data-orig-size=\"2000,1200\" data-comments-opened=\"1\" data-image-meta='{\"aperture\":\"0\",\"credit\":\"\",\"camera\":\"\",\"caption\":\"\",\"created_timestamp\":\"0\",\"copyright\":\"\",\"focal_length\":\"0\",\"iso\":\"0\",\"shutter_speed\":\"0\",\"title\":\"\",\"orientation\":\"0\"}' data-image-title=\"Untitled-2 (17)\" data-image-description=\"\" data-image-caption=\"\" data-large-file=\"https:\/\/i0.wp.com\/zionelpaso.org\/wp-content\/uploads\/2024\/04\/Untitled-2-17.png?fit=525%2C315&amp;ssl=1\"><\/a><\/div><div class=\"ub-block-post-grid-text\" style=\"\"><div class=\"ub-block-post-grid-header-content\"><header class=\"ub-block-post-grid-header\"><h2 class=\"ub-block-post-grid-title\"><a style=\"\" href=\"https:\/\/zionelpaso.org\/es\/celebracion-de-las-madres\/\" rel=\"bookmark\">Celebraci\u00f3n de las madres<\/a><\/h2><\/header><\/div><div class=\"ub-block-post-grid-excerpt\"><div class=\"ub-block-post-grid-excerpt-text\" style=\"\"><p>\u00a1Est\u00e1s invitado al T\u00e9 del D\u00eda de la Madre! LWML de Zion est\u00e1 organizando un t\u00e9 del D\u00eda de la Madre aqu\u00ed en la iglesia el 11\u2026<\/p>\n<\/div><p><a class=\"ub-block-post-grid-more-link ub-text-link\" style=\"\" href=\"https:\/\/zionelpaso.org\/es\/celebracion-de-las-madres\/\" rel=\"bookmark\">leer m\u00e1s <span class=\"screen-reader-text\">Celebraci\u00f3n de las madres<\/span><\/a><\/p><\/div><\/div><\/article>\n<article id=\"post-7629\" class=\"ub-post-grid-item post-7629 post type-post status-publish format-standard has-post-thumbnail hentry category-ministerio-de-la-juventud category-publicacion-destacada tag-campamento-de-verano\" style=\"\"><div class=\"ub-block-post-grid-image\" style=\"\"><a href=\"https:\/\/zionelpaso.org\/es\/jovenes-al-campamento-verano-2022\/\" rel=\"bookmark\" aria-hidden=\"true\" tabindex=\"-1\"><img loading=\"lazy\" decoding=\"async\" width=\"2000\" height=\"1200\" src=\"https:\/\/i0.wp.com\/zionelpaso.org\/wp-content\/uploads\/2022\/03\/youth-camp-lvr-02-2000x1200-q45.jpg?fit=2000%2C1200&amp;ssl=1\" class=\"attachment-full size-full\" alt=\"\" style=\"max-width: 600px; \" srcset=\"https:\/\/i0.wp.com\/zionelpaso.org\/wp-content\/uploads\/2022\/03\/youth-camp-lvr-02-2000x1200-q45.jpg?w=2000&amp;ssl=1 2000w, https:\/\/i0.wp.com\/zionelpaso.org\/wp-content\/uploads\/2022\/03\/youth-camp-lvr-02-2000x1200-q45.jpg?resize=300%2C180&amp;ssl=1 300w, https:\/\/i0.wp.com\/zionelpaso.org\/wp-content\/uploads\/2022\/03\/youth-camp-lvr-02-2000x1200-q45.jpg?resize=1024%2C614&amp;ssl=1 1024w, https:\/\/i0.wp.com\/zionelpaso.org\/wp-content\/uploads\/2022\/03\/youth-camp-lvr-02-2000x1200-q45.jpg?resize=768%2C461&amp;ssl=1 768w, https:\/\/i0.wp.com\/zionelpaso.org\/wp-content\/uploads\/2022\/03\/youth-camp-lvr-02-2000x1200-q45.jpg?resize=1536%2C922&amp;ssl=1 1536w\" sizes=\"auto, 100vw\" data-attachment-id=\"7625\" data-permalink=\"https:\/\/zionelpaso.org\/es\/jovenes-al-campamento-verano-2022\/youth-camp-lvr-02-2000x1200-q45-2\/\" data-orig-file=\"https:\/\/i0.wp.com\/zionelpaso.org\/wp-content\/uploads\/2022\/03\/youth-camp-lvr-02-2000x1200-q45.jpg?fit=2000%2C1200&amp;ssl=1\" data-orig-size=\"2000,1200\" data-comments-opened=\"1\" data-image-meta='{\"aperture\":\"0\",\"credit\":\"\",\"camera\":\"\",\"caption\":\"\",\"created_timestamp\":\"0\",\"copyright\":\"\",\"focal_length\":\"0\",\"iso\":\"0\",\"shutter_speed\":\"0\",\"title\":\"\",\"orientation\":\"0\"}' data-image-title=\"campamento-juvenil-lvr-02-2000&amp;#215;1200-q45\" data-image-description=\"\" data-image-caption=\"\" data-large-file=\"https:\/\/i0.wp.com\/zionelpaso.org\/wp-content\/uploads\/2022\/03\/youth-camp-lvr-02-2000x1200-q45.jpg?fit=525%2C315&amp;ssl=1\"><\/a><\/div><div class=\"ub-block-post-grid-text\" style=\"\"><div class=\"ub-block-post-grid-header-content\"><header class=\"ub-block-post-grid-header\"><h2 class=\"ub-block-post-grid-title\"><a style=\"\" href=\"https:\/\/zionelpaso.org\/es\/jovenes-al-campamento-verano-2022\/\" rel=\"bookmark\">Juventud al Campamento, Verano 2024<\/a><\/h2><\/header><\/div><div class=\"ub-block-post-grid-excerpt\"><div class=\"ub-block-post-grid-excerpt-text\" style=\"\"><p>Los j\u00f3venes de Si\u00f3n est\u00e1n entusiasmados con el campamento de verano en Lutheran Valley Retreat cerca de Florissant, Colorado, \u00a1la primera semana de julio de 2024! Aprende\u2026<\/p>\n<\/div><p><a class=\"ub-block-post-grid-more-link ub-text-link\" style=\"\" href=\"https:\/\/zionelpaso.org\/es\/jovenes-al-campamento-verano-2022\/\" rel=\"bookmark\">leer m\u00e1s <span class=\"screen-reader-text\">Juventud al Campamento, Verano 2024<\/span><\/a><\/p><\/div><\/div><\/article>\n<\/div><\/section>","protected":false},"excerpt":{"rendered":"<p>\u00a1Regoc\u00edjate en el Se\u00f1or! Cree en Cristo, adora a Dios, estudia la Biblia, baut\u00edzate, celebra la santa comuni\u00f3n, ama a tu pr\u00f3jimo en el nombre de Jes\u00fas.<\/p>\n","protected":false},"author":2,"featured_media":0,"parent":0,"menu_order":0,"comment_status":"closed","ping_status":"closed","template":"","meta":{"nf_dc_page":"","_monsterinsights_skip_tracking":false,"_monsterinsights_sitenote_active":false,"_monsterinsights_sitenote_note":"","_monsterinsights_sitenote_category":0,"advanced_seo_description":"","jetpack_seo_html_title":"","jetpack_seo_noindex":false,"jetpack_post_was_ever_published":false,"footnotes":""},"class_list":["post-4156","page","type-page","status-publish","hentry"],"featured_image_src":null,"jetpack_sharing_enabled":true,"jetpack_shortlink":"https:\/\/wp.me\/PbT9ae-152","_links":{"self":[{"href":"https:\/\/zionelpaso.org\/es\/wp-json\/wp\/v2\/pages\/4156","targetHints":{"allow":["GET"]}}],"collection":[{"href":"https:\/\/zionelpaso.org\/es\/wp-json\/wp\/v2\/pages"}],"about":[{"href":"https:\/\/zionelpaso.org\/es\/wp-json\/wp\/v2\/types\/page"}],"author":[{"embeddable":true,"href":"https:\/\/zionelpaso.org\/es\/wp-json\/wp\/v2\/users\/2"}],"replies":[{"embeddable":true,"href":"https:\/\/zionelpaso.org\/es\/wp-json\/wp\/v2\/comments?post=4156"}],"version-history":[{"count":5,"href":"https:\/\/zionelpaso.org\/es\/wp-json\/wp\/v2\/pages\/4156\/revisions"}],"predecessor-version":[{"id":15167,"href":"https:\/\/zionelpaso.org\/es\/wp-json\/wp\/v2\/pages\/4156\/revisions\/15167"}],"wp:attachment":[{"href":"https:\/\/zionelpaso.org\/es\/wp-json\/wp\/v2\/media?parent=4156"}],"curies":[{"name":"wp","href":"https:\/\/api.w.org\/{rel}","templated":true}]}}