{"id":4155,"date":"2021-10-14T13:32:52","date_gmt":"2021-10-14T19:32:52","guid":{"rendered":"https:\/\/zionelpaso.org\/registrese-en-una-clase-suscribase-a-noticias-y-mas\/"},"modified":"2021-10-14T13:32:58","modified_gmt":"2021-10-14T19:32:58","slug":"registrese-en-una-clase-suscribase-a-noticias-y-mas","status":"publish","type":"page","link":"https:\/\/zionelpaso.org\/es\/registrese-en-una-clase-suscribase-a-noticias-y-mas\/","title":{"rendered":"Reg\u00edstrese en una clase, suscr\u00edbase a noticias y m\u00e1s"},"content":{"rendered":"<p>\u00a1Una forma para lograrlo todo! Utilice este formulario de registro para recibir nuestras comunicaciones sobre los temas que marca a continuaci\u00f3n. Cuando se registre en un grupo de estudio b\u00edblico aqu\u00ed, incluiremos su direcci\u00f3n de correo electr\u00f3nico cuando le enviemos informaci\u00f3n y enlaces semanales para participar en l\u00ednea.<\/p>\n<p><!-- Begin Mailchimp Signup Form --><\/p>\n<style type=\"text\/css\">\n\t#mc_embed_signup{background:#fff; clear:left; font:14px Helvetica,Arial,sans-serif; }<br \/>\n\t\/* Add your own Mailchimp form style overrides in your site stylesheet or in this style block.<br \/>\n\t   We recommend moving this block and the preceding CSS link to the HEAD of your HTML file. *\/<br \/>\n<\/style>\n<style type=\"text\/css\">\n\t#mc-embedded-subscribe-form input[type=checkbox]{display: inline; width: auto;margin-right: 10px;}<br \/>\n\t#mergeRow-gdpr {margin-top: 20px;}<br \/>\n\t#mergeRow-gdpr fieldset label {font-weight: normal;}<br \/>\n\t#mc-embedded-subscribe-form .mc_fieldset{border:none;min-height: 0px;padding-bottom:0px;}<br \/>\n<\/style>\n<div id=\"mc_embed_signup\">\n<form id=\"mc-embedded-subscribe-form\" class=\"validate\" action=\"https:\/\/zionelpaso.us2.list-manage.com\/subscribe\/post?u=bc235952fa2103d7db83ccf56&amp;id=450769d059\" method=\"post\" name=\"mc-embedded-subscribe-form\" novalidate=\"\" target=\"_blank\">\n<div id=\"mc_embed_signup_scroll\">\n<div class=\"indicates-required\"><span class=\"asterisk\">*<\/span> indica requerido<\/div>\n<div class=\"mc-field-group\"><label for=\"mce-EMAIL\">Direcci\u00f3n de correo electr\u00f3nico<span class=\"asterisk\"> *<\/span><br \/>\n<\/label><br \/>\n<input id=\"mce-EMAIL\" class=\"required email\" style=\"background-image: url('data:image\/png;base64,iVBORw0KGgoAAAANSUhEUgAAACAAAAAgCAYAAABzenr0AAAAAXNSR0IArs4c6QAAAfBJREFUWAntVk1OwkAUZkoDKza4Utm61iP0AqyIDXahN2BjwiHYGU+gizap4QDuegWN7lyCbMSlCQjU7yO0TOlAi6GwgJc0fT\/fzPfmzet0crmD7HsFBAvQbrcrw+Gw5fu+AfOYvgylJ4TwCoVCs1ardYTruqfj8fgV5OUMSVVT93VdP9dAzpVvm5wJHZFbg2LQ2pEYOlZ\/oiDvwNcsFoseY4PBwMCrhaeCJyKWZU37KOJcYdi27QdhcuuBIb073BvTNL8ln4NeeR6NRi\/wxZKQcGurQs5oNhqLshzVTMBewW\/LMU3TTNlO0ieTiStjYhUIyi6DAp0xbEdgTt+LE0aCKQw24U4llsCs4ZRJrYopB6RwqnpA1YQ5NGFZ1YQ41Z5S8IQQdP5laEBRJcD4Vj5DEsW2gE6s6g3d\/YP\/g+BDnT7GNi2qCjTwGd6riBzHaaCEd3Js01vwCPIbmWBRx1nwAN\/1ov+\/drgFWIlfKpVukyYihtgkXNp4mABK+1GtVr+SBhJDbBIubVw+Cd\/TDgKO2DPiN3YUo6y\/nDCNEIsqTKH1en2tcwA9FKEItyDi3aIh8Gl1sRrVnSDzNFDJT1bAy5xpOYGn5fP5JuL95ZjMIn1ya7j5dPGfv0A5eAnpZUY3n5jXcoec5J67D9q+VuAPM47D3XaSeL4AAAAASUVORK5CYII='); background-repeat: no-repeat; background-attachment: scroll; background-size: 16px 18px; background-position: 98% 50%;\" name=\"EMAIL\" type=\"email\" value=\"\"><\/div>\n<div class=\"mc-field-group\"><label for=\"mce-FNAME\">Primer nombre<span class=\"asterisk\"> *<\/span><br \/>\n<\/label><br \/>\n<input id=\"mce-FNAME\" class=\"required\" name=\"FNAME\" type=\"text\" value=\"\"><\/div>\n<div class=\"mc-field-group\"><label for=\"mce-LNAME\">Apellido<span class=\"asterisk\"> *<\/span><br \/>\n<\/label><br \/>\n<input id=\"mce-LNAME\" class=\"required\" name=\"LNAME\" type=\"text\" value=\"\"><\/div>\n<div class=\"mc-field-group size1of2\"><label for=\"mce-MMERGE3\">Tel\u00e9fono <\/label><br \/>\n<input id=\"mce-MMERGE3\" class=\"\" name=\"MMERGE3\" type=\"number\" value=\"\"><\/div>\n<div class=\"mc-address-group\">\n<div class=\"mc-field-group\"><label for=\"mce-MMERGE4-addr1\">Direcci\u00f3n <\/label><br \/>\n<input id=\"mce-MMERGE4-addr1\" class=\"\" maxlength=\"70\" name=\"MMERGE4[addr1]\" type=\"text\" value=\"\"><\/div>\n<div class=\"mc-field-group\"><label for=\"mce-MMERGE4-addr2\">L\u00ednea de direcci\u00f3n 2<\/label><br \/>\n<input id=\"mce-MMERGE4-addr2\" maxlength=\"70\" name=\"MMERGE4[addr2]\" type=\"text\" value=\"\"><\/div>\n<div class=\"mc-field-group size1of2\"><label for=\"mce-MMERGE4-city\">Ciudad<\/label><br \/>\n<input id=\"mce-MMERGE4-city\" class=\"\" maxlength=\"40\" name=\"MMERGE4[city]\" type=\"text\" value=\"\"><\/div>\n<div class=\"mc-field-group size1of2\"><label for=\"mce-MMERGE4-state\">Estado \/ Provincia \/ Regi\u00f3n<\/label><br \/>\n<input id=\"mce-MMERGE4-state\" class=\"\" maxlength=\"20\" name=\"MMERGE4[state]\" type=\"text\" value=\"\"><\/div>\n<div class=\"mc-field-group size1of2\"><label for=\"mce-MMERGE4-zip\">C\u00f3digo postal<\/label><br \/>\n<input id=\"mce-MMERGE4-zip\" class=\"\" maxlength=\"10\" name=\"MMERGE4[zip]\" type=\"text\" value=\"\"><\/div>\n<div class=\"mc-field-group size1of2\"><label for=\"mce-MMERGE4-country\">Pa\u00eds<\/label><br \/>\n<select id=\"mce-MMERGE4-country\" class=\"\" name=\"MMERGE4[country]\"><option selected value=\"164\">Estados Unidos<\/option><option value=\"286\">Islas Aaland<\/option><option value=\"274\">Afganist\u00e1n<\/option><option value=\"2\">Albania<\/option><option value=\"3\">Argelia<\/option><option value=\"178\">Samoa Americana<\/option><option value=\"4\">Andorra<\/option><option value=\"5\">Angola<\/option><option value=\"176\">Anguila<\/option><option value=\"175\">Antigua y Barbuda<\/option><option value=\"6\">Argentina<\/option><option value=\"7\">Armenia<\/option><option value=\"179\">Aruba<\/option><option value=\"8\">Australia<\/option><option value=\"9\">Austria<\/option><option value=\"10\">Azerbaiy\u00e1n<\/option><option value=\"11\">Bahamas<\/option><option value=\"12\">Bahr\u00e9in<\/option><option value=\"13\">Bangladesh<\/option><option value=\"14\">Barbados<\/option><option value=\"15\">Bielorrusia<\/option><option value=\"16\">B\u00e9lgica<\/option><option value=\"17\">Belice<\/option><option value=\"18\">Benin<\/option><option value=\"19\">islas Bermudas<\/option><option value=\"20\">But\u00e1n<\/option><option value=\"21\">Bolivia<\/option><option value=\"325\">Bonaire, San Eustaquio y Saba<\/option><option value=\"22\">Bosnia y Herzegovina<\/option><option value=\"23\">Botswana<\/option><option value=\"181\">Isla Bouvet<\/option><option value=\"24\">Brasil<\/option><option value=\"180\">Brunei Darussalam<\/option><option value=\"25\">Bulgaria<\/option><option value=\"26\">Burkina Faso<\/option><option value=\"27\">Burundi<\/option><option value=\"28\">Camboya<\/option><option value=\"29\">Camer\u00fan<\/option><option value=\"30\">Canad\u00e1<\/option><option value=\"31\">Cabo Verde<\/option><option value=\"32\">Islas Caim\u00e1n<\/option><option value=\"33\">Rep\u00fablica Centroafricana<\/option><option value=\"34\">Chad<\/option><option value=\"35\">Chile<\/option><option value=\"36\">porcelana<\/option><option value=\"185\">Isla de Navidad<\/option><option value=\"37\">Colombia<\/option><option value=\"204\">Comoras<\/option><option value=\"38\">Congo<\/option><option value=\"183\">Islas Cook<\/option><option value=\"268\">Costa Rica<\/option><option value=\"275\">Costa de Marfil<\/option><option value=\"40\">Croacia<\/option><option value=\"276\">Cuba<\/option><option value=\"298\">Curazao<\/option><option value=\"41\">Chipre<\/option><option value=\"42\">Rep\u00fablica Checa<\/option><option value=\"318\">Rep\u00fablica Democr\u00e1tica del Congo<\/option><option value=\"43\">Dinamarca<\/option><option value=\"44\">Djibouti<\/option><option value=\"289\">Dominica<\/option><option value=\"187\">Rep\u00fablica Dominicana<\/option><option value=\"45\">Ecuador<\/option><option value=\"46\">Egipto<\/option><option value=\"47\">El Salvador<\/option><option value=\"48\">Guinea Ecuatorial<\/option><option value=\"49\">Eritrea<\/option><option value=\"50\">Estonia<\/option><option value=\"51\">Etiop\u00eda<\/option><option value=\"189\">Islas Malvinas<\/option><option value=\"191\">Islas Faroe<\/option><option value=\"52\">Fiyi<\/option><option value=\"53\">Finlandia<\/option><option value=\"54\">Francia<\/option><option value=\"193\">Guayana Francesa<\/option><option value=\"277\">Polinesia franc\u00e9s<\/option><option value=\"56\">Gab\u00f3n<\/option><option value=\"57\">Gambia<\/option><option value=\"58\">Georgia<\/option><option value=\"59\">Alemania<\/option><option value=\"60\">Ghana<\/option><option value=\"194\">Gibraltar<\/option><option value=\"61\">Grecia<\/option><option value=\"195\">Groenlandia<\/option><option value=\"192\">Granada<\/option><option value=\"196\">Guadalupe<\/option><option value=\"62\">Guam<\/option><option value=\"198\">Guatemala<\/option><option value=\"270\">Guernsey<\/option><option value=\"63\">Guinea<\/option><option value=\"65\">Guayana<\/option><option value=\"200\">Hait\u00ed<\/option><option value=\"66\">Honduras<\/option><option value=\"67\">Hong Kong<\/option><option value=\"68\">Hungr\u00eda<\/option><option value=\"69\">Islandia<\/option><option value=\"70\">India<\/option><option value=\"71\">Indonesia<\/option><option value=\"278\">Iran<\/option><option value=\"279\">Irak<\/option><option value=\"74\">Irlanda<\/option><option value=\"323\">Isla del hombre<\/option><option value=\"75\">Israel<\/option><option value=\"76\">Italia<\/option><option value=\"202\">Jamaica<\/option><option value=\"78\">Jap\u00f3n<\/option><option value=\"288\">Jersey (Islas del Canal)<\/option><option value=\"79\">Jord\u00e1n<\/option><option value=\"80\">Kazajst\u00e1n<\/option><option value=\"81\">Kenia<\/option><option value=\"203\">Kiribati<\/option><option value=\"82\">Kuwait<\/option><option value=\"83\">Kirguist\u00e1n<\/option><option value=\"84\">Rep\u00fablica Democr\u00e1tica Popular Lao<\/option><option value=\"85\">Letonia<\/option><option value=\"86\">L\u00edbano<\/option><option value=\"87\">Lesoto<\/option><option value=\"88\">Liberia<\/option><option value=\"281\">Libia<\/option><option value=\"90\">Liechtenstein<\/option><option value=\"91\">Lituania<\/option><option value=\"92\">Luxemburgo<\/option><option value=\"208\">Macao<\/option><option value=\"93\">macedonia<\/option><option value=\"94\">Madagascar<\/option><option value=\"95\">Malawi<\/option><option value=\"96\">Malasia<\/option><option value=\"97\">Maldivas<\/option><option value=\"98\">Mali<\/option><option value=\"99\">Malta<\/option><option value=\"207\">Islas Marshall<\/option><option value=\"210\">Martinica<\/option><option value=\"100\">Mauritania<\/option><option value=\"212\">Mauricio<\/option><option value=\"241\">Mayotte<\/option><option value=\"101\">M\u00e9xico<\/option><option value=\"102\">Moldavia, Rep\u00fablica de<\/option><option value=\"103\">M\u00f3naco<\/option><option value=\"104\">Mongolia<\/option><option value=\"290\">Montenegro<\/option><option value=\"294\">Montserrat<\/option><option value=\"105\">Marruecos<\/option><option value=\"106\">Mozambique<\/option><option value=\"242\">Myanmar<\/option><option value=\"107\">Namibia<\/option><option value=\"108\">Nepal<\/option><option value=\"109\">Pa\u00edses Bajos<\/option><option value=\"110\">Antillas Holandesas<\/option><option value=\"213\">Nueva Caledonia<\/option><option value=\"111\">Nueva Zelanda<\/option><option value=\"112\">Nicaragua<\/option><option value=\"113\">N\u00edger<\/option><option value=\"114\">Nigeria<\/option><option value=\"217\">Niue<\/option><option value=\"214\">Isla Norfolk<\/option><option value=\"272\">Corea del Norte<\/option><option value=\"116\">Noruega<\/option><option value=\"117\">Om\u00e1n<\/option><option value=\"118\">Pakist\u00e1n<\/option><option value=\"222\">Palau<\/option><option value=\"282\">Palestina<\/option><option value=\"119\">Panam\u00e1<\/option><option value=\"219\">Pap\u00faa Nueva Guinea<\/option><option value=\"120\">Paraguay<\/option><option value=\"121\">Per\u00fa<\/option><option value=\"122\">Filipinas<\/option><option value=\"221\">Pitcairn<\/option><option value=\"123\">Polonia<\/option><option value=\"124\">Portugal<\/option><option value=\"126\">Katar<\/option><option value=\"315\">Rep\u00fablica de Kosovo<\/option><option value=\"127\">Reuni\u00f3n<\/option><option value=\"128\">Rumania<\/option><option value=\"129\">Rusia<\/option><option value=\"130\">Ruanda<\/option><option value=\"205\">San Crist\u00f3bal y Nieves<\/option><option value=\"206\">Santa Luc\u00eda<\/option><option value=\"324\">San Mart\u00edn<\/option><option value=\"237\">San Vicente y las Granadinas<\/option><option value=\"132\">Samoa (Independiente)<\/option><option value=\"227\">San Marino<\/option><option value=\"255\">Santo Tom\u00e9 y Pr\u00edncipe<\/option><option value=\"133\">Arabia Saudita<\/option><option value=\"134\">Senegal<\/option><option value=\"326\">Serbia<\/option><option value=\"135\">Seychelles<\/option><option value=\"136\">Sierra Leona<\/option><option value=\"137\">Singapur<\/option><option value=\"302\">Sint Maarten<\/option><option value=\"138\">Eslovaquia<\/option><option value=\"139\">Eslovenia<\/option><option value=\"223\">Islas Salom\u00f3n<\/option><option value=\"140\">Somalia<\/option><option value=\"141\">Sud\u00e1frica<\/option><option value=\"257\">Georgia del sur y las islas Sandwich del sur<\/option><option value=\"142\">Corea del Sur<\/option><option value=\"311\">Sud\u00e1n del Sur<\/option><option value=\"143\">Espa\u00f1a<\/option><option value=\"144\">Sri Lanka<\/option><option value=\"293\">Sud\u00e1n<\/option><option value=\"146\">Surinam<\/option><option value=\"225\">Islas Svalbard y Jan Mayen<\/option><option value=\"147\">Swazilandia<\/option><option value=\"148\">Suecia<\/option><option value=\"149\">Suiza<\/option><option value=\"285\">Siria<\/option><option value=\"152\">Taiw\u00e1n<\/option><option value=\"260\">Tayikist\u00e1n<\/option><option value=\"153\">Tanzania<\/option><option value=\"154\">Tailandia<\/option><option value=\"233\">Timor-Leste<\/option><option value=\"155\">Ir<\/option><option value=\"232\">Tonga<\/option><option value=\"234\">Trinidad y Tobago<\/option><option value=\"156\">T\u00fanez<\/option><option value=\"157\">pavo<\/option><option value=\"158\">Turkmenist\u00e1n<\/option><option value=\"287\">Islas Turcas y Caicos<\/option><option value=\"159\">Uganda<\/option><option value=\"161\">Ucrania<\/option><option value=\"162\">Emiratos \u00c1rabes Unidos<\/option><option value=\"262\">Reino Unido<\/option><option value=\"163\">Uruguay<\/option><option value=\"165\">Uzbekistan<\/option><option value=\"239\">Vanuatu<\/option><option value=\"166\">Estado de la Ciudad del Vaticano (Santa Sede)<\/option><option value=\"167\">Venezuela<\/option><option value=\"168\">Vietnam<\/option><option value=\"169\">Islas V\u00edrgenes (Brit\u00e1nicas)<\/option><option value=\"238\">Islas V\u00edrgenes (EE. UU.)<\/option><option value=\"188\">Sahara Occidental<\/option><option value=\"170\">Yemen<\/option><option value=\"173\">Zambia<\/option><option value=\"174\">Zimbabue<\/option><\/select><\/div>\n<\/div>\n<div class=\"mc-field-group input-group\"><strong>Inscr\u00edbeme para: <\/strong><\/p>\n<ul>\n<li><input id=\"mce-group[1]-1-0\" name=\"group[1][1]\" type=\"checkbox\" value=\"1\"><label for=\"mce-group[1]-1-0\">Noticias y anuncios de Sion<\/label><\/li>\n<li><input id=\"mce-group[1]-1-1\" name=\"group[1][4]\" type=\"checkbox\" value=\"4\"><label for=\"mce-group[1]-1-1\">Correo electr\u00f3nico semanal con enlaces y materiales del servicio de adoraci\u00f3n<\/label><\/li>\n<li><input id=\"mce-group[1]-1-2\" name=\"group[1][8]\" type=\"checkbox\" value=\"8\"><label for=\"mce-group[1]-1-2\">Devociones y correos electr\u00f3nicos de estudios b\u00edblicos<\/label><\/li>\n<li><input id=\"mce-group[1]-1-3\" name=\"group[1][16]\" type=\"checkbox\" value=\"16\"><label for=\"mce-group[1]-1-3\">Estudio B\u00edblico Lunes &#8211; &#8220;Berea&#8221; 7:00 pm<\/label><\/li>\n<li><input id=\"mce-group[1]-1-5\" name=\"group[1][64]\" type=\"checkbox\" value=\"64\"><label for=\"mce-group[1]-1-5\">Martes Clase de Confirmaci\u00f3n de J\u00f3venes &#8211; 5:00 pm<\/label><\/li>\n<li><input id=\"mce-group[1]-1-4\" name=\"group[1][32]\" type=\"checkbox\" value=\"32\"><label for=\"mce-group[1]-1-4\">Estudio B\u00edblico Martes &#8211; &#8220;Lado Este&#8221; 7:00 pm<\/label><\/li>\n<li><input id=\"mce-group[1]-1-6\" name=\"group[1][256]\" type=\"checkbox\" value=\"256\"><label for=\"mce-group[1]-1-6\">Estudio B\u00edblico del Jueves &#8211; &#8220;El Evangelio de Juan&#8221; 7:00 pm<\/label><\/li>\n<li><input id=\"mce-group[1]-1-8\" name=\"group[1][1024]\" type=\"checkbox\" value=\"1024\"><label for=\"mce-group[1]-1-8\">Estudio b\u00edblico dominical &#8211; &#8220;Dios lucha por ti: El libro del \u00c9xodo&#8221; 9:15 am<\/label><\/li>\n<\/ul>\n<\/div>\n<div id=\"mergeRow-gdpr\" class=\"mergeRow gdpr-mergeRow content__gdprBlock mc-field-group\">\n<div class=\"content__gdprLegal\">\n<p>Usamos Mailchimp para procesar nuestros registros y el registro de la lista de correo electr\u00f3nico. <a href=\"https:\/\/mailchimp.com\/legal\/\" target=\"_blank\" rel=\"noopener noreferrer\">Obtenga m\u00e1s informaci\u00f3n sobre las pr\u00e1cticas de privacidad de Mailchimp aqu\u00ed.<\/a> Puede actualizar sus preferencias de correo electr\u00f3nico o darse de baja en cualquier momento haciendo clic en el enlace al pie de p\u00e1gina de nuestros correos electr\u00f3nicos.<\/p>\n<\/div>\n<\/div>\n<div id=\"mce-responses\" class=\"clear\">\n<div id=\"mce-error-response\" class=\"response\" style=\"display: none;\"><\/div>\n<div id=\"mce-success-response\" class=\"response\" style=\"display: none;\"><\/div>\n<\/div>\n<p><!-- real people should not fill this in and expect good things - do not remove this or risk form bot signups--><\/p>\n<div style=\"position: absolute; left: -5000px;\" aria-hidden=\"true\"><input tabindex=\"-1\" name=\"b_bc235952fa2103d7db83ccf56_450769d059\" type=\"text\" value=\"\"><\/div>\n<div class=\"clear\"><input id=\"mc-embedded-subscribe\" class=\"button\" name=\"subscribe\" type=\"submit\" value=\"Subscribe\"><\/div>\n<\/div>\n<\/form>\n<\/div>\n<p><script type=\"text\/javascript\" src=\"\/\/s3.amazonaws.com\/downloads.mailchimp.com\/js\/mc-validate.js\"><\/script><script type=\"text\/javascript\">(function($) {window.fnames = new Array(); window.ftypes = new Array();fnames[0]='EMAIL';ftypes[0]='email';fnames[1]='FNAME';ftypes[1]='text';fnames[2]='LNAME';ftypes[2]='text';fnames[3]='MMERGE3';ftypes[3]='number';fnames[4]='MMERGE4';ftypes[4]='address';}(jQuery));var $mcj = jQuery.noConflict(true);<\/script><br \/>\n<!--End mc_embed_signup--><\/p>\n","protected":false},"excerpt":{"rendered":"<p>\u00a1Una forma para lograrlo todo! Utilice este formulario de registro para recibir nuestras comunicaciones sobre los temas que marca a continuaci\u00f3n. Cuando se registre en un grupo de estudio b\u00edblico aqu\u00ed, incluiremos su direcci\u00f3n de correo electr\u00f3nico cuando le enviemos informaci\u00f3n y enlaces semanales para participar en l\u00ednea. * indica requerido Direcci\u00f3n de correo electr\u00f3nico &hellip; <\/p>\n<p class=\"link-more\"><a href=\"https:\/\/zionelpaso.org\/es\/registrese-en-una-clase-suscribase-a-noticias-y-mas\/\" class=\"more-link\">Continuar leyendo<span class=\"screen-reader-text\"> &#8220;Reg\u00edstrese en una clase, suscr\u00edbase a noticias y m\u00e1s&#8221;<\/span><\/a><\/p>\n","protected":false},"author":2,"featured_media":0,"parent":0,"menu_order":0,"comment_status":"closed","ping_status":"closed","template":"","meta":{"nf_dc_page":"","_monsterinsights_skip_tracking":false,"_monsterinsights_sitenote_active":false,"_monsterinsights_sitenote_note":"","_monsterinsights_sitenote_category":0,"advanced_seo_description":"","jetpack_seo_html_title":"","jetpack_seo_noindex":false,"jetpack_post_was_ever_published":false,"footnotes":""},"class_list":["post-4155","page","type-page","status-publish","hentry"],"featured_image_src":null,"jetpack_sharing_enabled":true,"jetpack_shortlink":"https:\/\/wp.me\/PbT9ae-151","_links":{"self":[{"href":"https:\/\/zionelpaso.org\/es\/wp-json\/wp\/v2\/pages\/4155","targetHints":{"allow":["GET"]}}],"collection":[{"href":"https:\/\/zionelpaso.org\/es\/wp-json\/wp\/v2\/pages"}],"about":[{"href":"https:\/\/zionelpaso.org\/es\/wp-json\/wp\/v2\/types\/page"}],"author":[{"embeddable":true,"href":"https:\/\/zionelpaso.org\/es\/wp-json\/wp\/v2\/users\/2"}],"replies":[{"embeddable":true,"href":"https:\/\/zionelpaso.org\/es\/wp-json\/wp\/v2\/comments?post=4155"}],"version-history":[{"count":1,"href":"https:\/\/zionelpaso.org\/es\/wp-json\/wp\/v2\/pages\/4155\/revisions"}],"predecessor-version":[{"id":4173,"href":"https:\/\/zionelpaso.org\/es\/wp-json\/wp\/v2\/pages\/4155\/revisions\/4173"}],"wp:attachment":[{"href":"https:\/\/zionelpaso.org\/es\/wp-json\/wp\/v2\/media?parent=4155"}],"curies":[{"name":"wp","href":"https:\/\/api.w.org\/{rel}","templated":true}]}}