{"id":14705,"date":"2024-01-16T13:46:12","date_gmt":"2024-01-16T20:46:12","guid":{"rendered":"https:\/\/zionelpaso.org\/suscripcion-al-culto-semanal-por-correo-electronico\/"},"modified":"2024-03-07T13:54:35","modified_gmt":"2024-03-07T20:54:35","slug":"suscripcion-al-culto-semanal-por-correo-electronico","status":"publish","type":"page","link":"https:\/\/zionelpaso.org\/es\/suscripcion-al-culto-semanal-por-correo-electronico\/","title":{"rendered":"Suscripci\u00f3n al culto semanal por correo electr\u00f3nico"},"content":{"rendered":"\n<p class=\"\">Reg\u00edstrese aqu\u00ed para recibir nuestro correo electr\u00f3nico semanal que incluye enlaces para acceder a nuestro estudio b\u00edblico para adultos los domingos por la ma\u00f1ana a trav\u00e9s de Zoom, transmisi\u00f3n en vivo del servicio de adoraci\u00f3n en YouTube, y un pdf del bolet\u00edn de adoraci\u00f3n del domingo.<\/p>\n<div class=\"wp-block-jetpack-contact-form is-layout-flex wp-container-jetpack-contact-form-is-layout-faa3ad1c wp-block-jetpack-contact-form-is-layout-flex\"><a href=\"https:\/\/zionelpaso.org\/es\/suscripcion-al-culto-semanal-por-correo-electronico\/\" target=\"_blank\" rel=\"noopener noreferrer\">Env\u00eda un formulario.<\/a><\/div>","protected":false},"excerpt":{"rendered":"<p>Reg\u00edstrese aqu\u00ed para recibir nuestro correo electr\u00f3nico semanal que incluye enlaces para acceder a nuestro estudio b\u00edblico para adultos los domingos por la ma\u00f1ana a trav\u00e9s de Zoom, transmisi\u00f3n en vivo del servicio de adoraci\u00f3n en YouTube, y un pdf del bolet\u00edn de adoraci\u00f3n del domingo.<\/p>\n","protected":false},"author":4,"featured_media":0,"parent":0,"menu_order":0,"comment_status":"closed","ping_status":"closed","template":"","meta":{"nf_dc_page":"","_monsterinsights_skip_tracking":false,"_monsterinsights_sitenote_active":false,"_monsterinsights_sitenote_note":"","_monsterinsights_sitenote_category":0,"advanced_seo_description":"","jetpack_seo_html_title":"","jetpack_seo_noindex":false,"jetpack_post_was_ever_published":false,"footnotes":""},"class_list":["post-14705","page","type-page","status-publish","hentry"],"featured_image_src":null,"jetpack_sharing_enabled":true,"jetpack_shortlink":"https:\/\/wp.me\/PbT9ae-3Pb","_links":{"self":[{"href":"https:\/\/zionelpaso.org\/es\/wp-json\/wp\/v2\/pages\/14705","targetHints":{"allow":["GET"]}}],"collection":[{"href":"https:\/\/zionelpaso.org\/es\/wp-json\/wp\/v2\/pages"}],"about":[{"href":"https:\/\/zionelpaso.org\/es\/wp-json\/wp\/v2\/types\/page"}],"author":[{"embeddable":true,"href":"https:\/\/zionelpaso.org\/es\/wp-json\/wp\/v2\/users\/4"}],"replies":[{"embeddable":true,"href":"https:\/\/zionelpaso.org\/es\/wp-json\/wp\/v2\/comments?post=14705"}],"version-history":[{"count":5,"href":"https:\/\/zionelpaso.org\/es\/wp-json\/wp\/v2\/pages\/14705\/revisions"}],"predecessor-version":[{"id":15065,"href":"https:\/\/zionelpaso.org\/es\/wp-json\/wp\/v2\/pages\/14705\/revisions\/15065"}],"wp:attachment":[{"href":"https:\/\/zionelpaso.org\/es\/wp-json\/wp\/v2\/media?parent=14705"}],"curies":[{"name":"wp","href":"https:\/\/api.w.org\/{rel}","templated":true}]}}